{"id":11826,"date":"2023-03-14T10:02:28","date_gmt":"2023-03-14T10:02:28","guid":{"rendered":"https:\/\/rrtaxandlegal.futuretechlead.com\/monica-peronace\/"},"modified":"2023-10-30T13:05:22","modified_gmt":"2023-10-30T13:05:22","slug":"monica-peronace","status":"publish","type":"page","link":"https:\/\/rrtaxandlegal.com\/es\/monica-peronace\/","title":{"rendered":"Monica Peronace"},"content":{"rendered":"\t\t<div data-elementor-type=\"wp-page\" data-elementor-id=\"11826\" class=\"elementor elementor-11826 elementor-11546\">\n\t\t\t\t\t\t\t\t\t<section class=\"elementor-section elementor-top-section elementor-element elementor-element-606e6fe elementor-section-boxed elementor-section-height-default elementor-section-height-default qodef-elementor-content-no\" data-id=\"606e6fe\" data-element_type=\"section\" data-settings=\"{&quot;_ha_eqh_enable&quot;:false}\">\n\t\t\t\t\t\t<div class=\"elementor-container elementor-column-gap-default\">\n\t\t\t\t\t<div class=\"elementor-column elementor-col-100 elementor-top-column elementor-element elementor-element-f88ff36\" data-id=\"f88ff36\" data-element_type=\"column\">\n\t\t\t<div class=\"elementor-widget-wrap elementor-element-populated\">\n\t\t\t\t\t\t\t\t<div class=\"elementor-element elementor-element-5657b35 elementor-widget__width-auto elementor-widget elementor-widget-image\" data-id=\"5657b35\" data-element_type=\"widget\" data-widget_type=\"image.default\">\n\t\t\t\t<div class=\"elementor-widget-container\">\n\t\t\t<style>\/*! elementor - v3.13.1 - 09-05-2023 *\/\n.elementor-widget-image{text-align:center}.elementor-widget-image a{display:inline-block}.elementor-widget-image a img[src$=\".svg\"]{width:48px}.elementor-widget-image img{vertical-align:middle;display:inline-block}<\/style>\t\t\t\t\t\t\t\t\t\t\t\t<img loading=\"lazy\" decoding=\"async\" width=\"500\" height=\"500\" src=\"https:\/\/rrtaxandlegal.com\/wp-content\/uploads\/2023\/02\/pexels-sora-shimazaki-5668481.jpg\" class=\"attachment-large size-large wp-image-11325\" alt=\"\" srcset=\"https:\/\/rrtaxandlegal.com\/wp-content\/uploads\/2023\/02\/pexels-sora-shimazaki-5668481.jpg 500w, https:\/\/rrtaxandlegal.com\/wp-content\/uploads\/2023\/02\/pexels-sora-shimazaki-5668481-300x300.jpg 300w, https:\/\/rrtaxandlegal.com\/wp-content\/uploads\/2023\/02\/pexels-sora-shimazaki-5668481-150x150.jpg 150w, https:\/\/rrtaxandlegal.com\/wp-content\/uploads\/2023\/02\/pexels-sora-shimazaki-5668481-100x100.jpg 100w\" sizes=\"auto, (max-width: 500px) 100vw, 500px\" \/>\t\t\t\t\t\t\t\t\t\t\t\t\t\t\t<\/div>\n\t\t\t\t<\/div>\n\t\t\t\t<div class=\"elementor-element elementor-element-8542869 elementor-widget elementor-widget-heading\" data-id=\"8542869\" data-element_type=\"widget\" data-widget_type=\"heading.default\">\n\t\t\t\t<div class=\"elementor-widget-container\">\n\t\t\t<style>\/*! elementor - v3.13.1 - 09-05-2023 *\/\n.elementor-heading-title{padding:0;margin:0;line-height:1}.elementor-widget-heading .elementor-heading-title[class*=elementor-size-]>a{color:inherit;font-size:inherit;line-height:inherit}.elementor-widget-heading .elementor-heading-title.elementor-size-small{font-size:15px}.elementor-widget-heading .elementor-heading-title.elementor-size-medium{font-size:19px}.elementor-widget-heading .elementor-heading-title.elementor-size-large{font-size:29px}.elementor-widget-heading .elementor-heading-title.elementor-size-xl{font-size:39px}.elementor-widget-heading .elementor-heading-title.elementor-size-xxl{font-size:59px}<\/style><h2 class=\"elementor-heading-title elementor-size-default\">Monica Peronace<\/h2>\t\t<\/div>\n\t\t\t\t<\/div>\n\t\t\t\t<div class=\"elementor-element elementor-element-42e01e4 elementor-widget elementor-widget-halstein_core_icon_list_item\" data-id=\"42e01e4\" data-element_type=\"widget\" data-widget_type=\"halstein_core_icon_list_item.default\">\n\t\t\t\t<div class=\"elementor-widget-container\">\n\t\t\t<div class=\"qodef-icon-list-item qodef-icon--icon-pack\" >\n\t<p class=\"qodef-e-title\" >\n\t\t\t\t\t<a itemprop=\"url\" href=\"https:\/\/rrtaxandlegal.com\/wp-content\/uploads\/2023\/02\/Monica_Peronace_cv.pdf\" target=\"_blank\">\n\t\t\t\t\t<span class=\"qodef-e-title-inner\">\n\t\t\t\t<span class=\"qodef-shortcode qodef-m  qodef-icon-holder  qodef-layout--normal\"  >\t\t\t<span class=\"qodef-icon-elegant-icons icon_document qodef-icon qodef-e\" style=\"color: #DAAE63;font-size: 20px\" ><\/span>\t<\/span>\t\t\t\t<span class=\"qodef-e-title-text\">Curriculum vitae<\/span>\n\t\t\t<\/span>\n\t\t\t\t\t<\/a>\n\t\t\t<\/p>\n<\/div>\n\t\t<\/div>\n\t\t\t\t<\/div>\n\t\t\t\t<div class=\"elementor-element elementor-element-8c57d58 elementor-widget elementor-widget-text-editor\" data-id=\"8c57d58\" data-element_type=\"widget\" data-widget_type=\"text-editor.default\">\n\t\t\t\t<div class=\"elementor-widget-container\">\n\t\t\t<style>\/*! elementor - v3.13.1 - 09-05-2023 *\/\n.elementor-widget-text-editor.elementor-drop-cap-view-stacked .elementor-drop-cap{background-color:#69727d;color:#fff}.elementor-widget-text-editor.elementor-drop-cap-view-framed .elementor-drop-cap{color:#69727d;border:3px solid;background-color:transparent}.elementor-widget-text-editor:not(.elementor-drop-cap-view-default) .elementor-drop-cap{margin-top:8px}.elementor-widget-text-editor:not(.elementor-drop-cap-view-default) .elementor-drop-cap-letter{width:1em;height:1em}.elementor-widget-text-editor .elementor-drop-cap{float:left;text-align:center;line-height:1;font-size:50px}.elementor-widget-text-editor .elementor-drop-cap-letter{display:inline-block}<\/style>\t\t\t\t<p>La abogada Monica Peronace, nacida en Locri el 2 de diciembre de 1978,<br \/>se licenci\u00f3 en Derecho en la Universidad de Roma &#8220;La Sapienza&#8221; el 20 de enero de 2004.<\/p>\n<p><strong>\u00c1mbito de actividad:<\/strong><br \/>De mayo de 2004 a junio de 2006 fue becario en el bufete de abogados Avvocato Vincenzo Bombardieri en Roccella Jonica, ocup\u00e1ndose de estudios y cuestiones de derecho civil y administrativo.<br \/>Desde junio de 2006 colabora con el bufete del Avv. Alessandro Voglino en Roma, especialista en Derecho fiscal, anteriormente experto en la materia en la Facultad de Econom\u00eda y Empresa de la Universidad &#8220;Sapienza&#8221; de Roma y actualmente<br \/>en el Departamento de Derecho de la Segunda Universidad de N\u00e1poles, as\u00ed como redactor jefe de la revista jur\u00eddica &#8220;Bollettino Tributario d&#8217;Informazioni&#8221;.<\/p>\n<p>Al mismo tiempo, en el per\u00edodo comprendido entre octubre de 2005 y enero de 2006, particip\u00f3 en los Seminarios de Profundizaci\u00f3n sobre el Proceso Tributario organizados por el Consejo del Colegio de Abogados de Roma con el patrocinio de la Universidad de Roma &#8220;Sapienza&#8221; y la Universidad de Roma<br \/>Universidad de Roma &#8220;Sapienza&#8221; y la Universidad de Roma Tre, y en febrero de 2006 comenz\u00f3 a colaborar con la revista jur\u00eddica &#8220;Bollettino Tributario&#8221;, en la que public\u00f3 varias notas editoriales comentando<br \/>sentencias, as\u00ed como las siguientes publicaciones firmadas: M. PERONACE, Anotaciones sobre una nueva problem\u00e1tica en materia de sentencia de cumplimiento, en Bol. Trib., 2006, 510 ss.; ID., La nulidad de la liquidaci\u00f3n adoptada sin respetar el plazo para las deducciones del contribuyente sobre las operaciones de comprobaci\u00f3n, ib\u00eddem, 1057 ss; e ID., Apuntes cr\u00edticos sobre la posibilidad teorizada pero no probada de la Abogac\u00eda del Estado de defender a la Agencia Tributaria en casaci\u00f3n sin<br \/>necesidad de encargo espec\u00edfico, ib\u00edd., 2017, 1688 ss.<\/p>\n<p>Desde noviembre de 2007 est\u00e1 habilitada para el ejercicio de la abogac\u00eda, que desempe\u00f1a principalmente en materia fiscal y civil, habiendo interpuesto o defendido a lo largo de estos a\u00f1os m\u00e1s de 110 procedimientos ante los tribunales ordinarios y el<br \/>Comisiones Fiscales, y ha sido coautor de numerosos recursos y contra-recursos de casaci\u00f3n en materia fiscal.<br \/>Desde enero de 2008, es miembro permanente del Consejo de Redacci\u00f3n de la revista jur\u00eddica &#8220;Bollettino Tributario&#8221;.<br \/>A partir del a\u00f1o acad\u00e9mico 2006\/2007 y hasta el a\u00f1o acad\u00e9mico 2014\/2015 ha sido Experta en la materia y miembro permanente de las Comisiones para la realizaci\u00f3n de los ex\u00e1menes de beneficio en la Facultad de Econom\u00eda y Empresa de la Universidad de Roma &#8220;Sapienza&#8221; para los cursos de Derecho Tributario, Derecho Tributario Empresarial y Fiscalidad. 2014\/2015 fue Experta en la materia y miembro permanente de las Comisiones para la realizaci\u00f3n de ex\u00e1menes a t\u00edtulo lucrativo en la Facultad de Econom\u00eda y Empresa de la Universidad de Roma &#8220;Sapienza&#8221; para los cursos de Derecho Tributario, Derecho Tributario Empresarial I, Derecho Tributario Empresarial II y Derecho Tributario Internacional, mientras que desde julio de 2016 es Experta en la materia y miembro permanente de las Comisiones para la realizaci\u00f3n de ex\u00e1menes a t\u00edtulo lucrativo en el Departamento de Derecho de la Segunda Universidad de N\u00e1poles para el curso de Derecho Procesal Tributario.<\/p>\n<p>En diciembre de 2014 y octubre de 2015 particip\u00f3 como disertante en dos ediciones diferentes del \u201cCurso de Formaci\u00f3n Profesional Avanzada en Litigaci\u00f3n Fiscal\u201d organizado por la Fundaci\u00f3n Telos &#8211; Centro de Estudios de la Orden de Contadores y Peritos Contables de Roma.<br \/>En febrero de 2015 particip\u00f3 como ponente en la conferencia \u201cCuestiones actuales del litigio fiscal\u201d organizada por la Orden de Contadores y Peritos Contables de Roma.<\/p>\n<p>En mayo de 2015, abril de 2016 y mayo de 2017 particip\u00f3 como profesor en tres ediciones diferentes del M\u00e1ster en Profesiones Econ\u00f3mico-Contables organizado por la Universidad de Roma Tor Vergata. <\/p>\n\t\t\t\t\t\t<\/div>\n\t\t\t\t<\/div>\n\t\t\t\t\t<\/div>\n\t\t<\/div>\n\t\t\t\t\t\t\t<\/div>\n\t\t<\/section>\n\t\t\t\t\t\t\t<\/div>\n\t\t","protected":false},"excerpt":{"rendered":"<p>Monica Peronace Curriculum vitae La abogada Monica Peronace, nacida en Locri el 2 de diciembre de 1978, se licenci\u00f3 en Derecho en la Universidad de Roma &#8220;La Sapienza&#8221; el 20 de enero de 2004. \u00c1mbito de actividad: De mayo de 2004 a junio de 2006 fue becario en el bufete de abogados Avvocato Vincenzo Bombardieri [&hellip;]<\/p>\n","protected":false},"author":1,"featured_media":0,"parent":0,"menu_order":0,"comment_status":"closed","ping_status":"closed","template":"","meta":{"footnotes":""},"class_list":["post-11826","page","type-page","status-publish","hentry"],"yoast_head":"<!-- This site is optimized with the Yoast SEO plugin v21.7 - https:\/\/yoast.com\/wordpress\/plugins\/seo\/ -->\n<title>Monica Peronace - R&amp;R - Studio Legale Tributario<\/title>\n<meta name=\"robots\" content=\"index, follow, max-snippet:-1, max-image-preview:large, max-video-preview:-1\" \/>\n<link rel=\"canonical\" href=\"https:\/\/rrtaxandlegal.com\/monica-peronace\/\" \/>\n<meta property=\"og:locale\" content=\"es_ES\" \/>\n<meta property=\"og:type\" content=\"article\" \/>\n<meta property=\"og:title\" content=\"Monica Peronace - R&amp;R - Studio Legale Tributario\" \/>\n<meta property=\"og:description\" content=\"Monica Peronace Curriculum vitae La abogada Monica Peronace, nacida en Locri el 2 de diciembre de 1978, se licenci\u00f3 en Derecho en la Universidad de Roma &#8220;La Sapienza&#8221; el 20 de enero de 2004. \u00c1mbito de actividad: De mayo de 2004 a junio de 2006 fue becario en el bufete de abogados Avvocato Vincenzo Bombardieri [&hellip;]\" \/>\n<meta property=\"og:url\" content=\"https:\/\/rrtaxandlegal.com\/monica-peronace\/\" \/>\n<meta property=\"og:site_name\" content=\"R&amp;R - Studio Legale Tributario\" \/>\n<meta property=\"article:modified_time\" content=\"2023-10-30T13:05:22+00:00\" \/>\n<meta property=\"og:image\" content=\"https:\/\/rrtaxandlegal.com\/wp-content\/uploads\/2023\/02\/pexels-sora-shimazaki-5668481.jpg\" \/>\n<meta name=\"twitter:card\" content=\"summary_large_image\" \/>\n<meta name=\"twitter:label1\" content=\"Tiempo de lectura\" \/>\n\t<meta name=\"twitter:data1\" content=\"3 minutos\" \/>\n<script type=\"application\/ld+json\" class=\"yoast-schema-graph\">{\"@context\":\"https:\/\/schema.org\",\"@graph\":[{\"@type\":\"WebPage\",\"@id\":\"https:\/\/rrtaxandlegal.com\/monica-peronace\/\",\"url\":\"https:\/\/rrtaxandlegal.com\/monica-peronace\/\",\"name\":\"Monica Peronace - R&amp;R - Studio Legale Tributario\",\"isPartOf\":{\"@id\":\"https:\/\/rrtaxandlegal.com\/#website\"},\"datePublished\":\"2023-03-14T10:02:28+00:00\",\"dateModified\":\"2023-10-30T13:05:22+00:00\",\"breadcrumb\":{\"@id\":\"https:\/\/rrtaxandlegal.com\/monica-peronace\/#breadcrumb\"},\"inLanguage\":\"es\",\"potentialAction\":[{\"@type\":\"ReadAction\",\"target\":[\"https:\/\/rrtaxandlegal.com\/monica-peronace\/\"]}]},{\"@type\":\"BreadcrumbList\",\"@id\":\"https:\/\/rrtaxandlegal.com\/monica-peronace\/#breadcrumb\",\"itemListElement\":[{\"@type\":\"ListItem\",\"position\":1,\"name\":\"Home\",\"item\":\"https:\/\/rrtaxandlegal.com\/\"},{\"@type\":\"ListItem\",\"position\":2,\"name\":\"Monica Peronace\"}]},{\"@type\":\"WebSite\",\"@id\":\"https:\/\/rrtaxandlegal.com\/#website\",\"url\":\"https:\/\/rrtaxandlegal.com\/\",\"name\":\"R&amp;R - Studio Legale Tributario\",\"description\":\"Avvocati Massimiliano e Sergio Russo\",\"publisher\":{\"@id\":\"https:\/\/rrtaxandlegal.com\/#organization\"},\"potentialAction\":[{\"@type\":\"SearchAction\",\"target\":{\"@type\":\"EntryPoint\",\"urlTemplate\":\"https:\/\/rrtaxandlegal.com\/?s={search_term_string}\"},\"query-input\":\"required name=search_term_string\"}],\"inLanguage\":\"es\"},{\"@type\":\"Organization\",\"@id\":\"https:\/\/rrtaxandlegal.com\/#organization\",\"name\":\"R&amp;R - Studio Legale Tributario\",\"url\":\"https:\/\/rrtaxandlegal.com\/\",\"logo\":{\"@type\":\"ImageObject\",\"inLanguage\":\"es\",\"@id\":\"https:\/\/rrtaxandlegal.com\/#\/schema\/logo\/image\/\",\"url\":\"https:\/\/rrtaxandlegal.com\/wp-content\/uploads\/2023\/03\/cropped-logo-blu_1@300x-8.png\",\"contentUrl\":\"https:\/\/rrtaxandlegal.com\/wp-content\/uploads\/2023\/03\/cropped-logo-blu_1@300x-8.png\",\"width\":301,\"height\":60,\"caption\":\"R&amp;R - Studio Legale Tributario\"},\"image\":{\"@id\":\"https:\/\/rrtaxandlegal.com\/#\/schema\/logo\/image\/\"}}]}<\/script>\n<!-- \/ Yoast SEO plugin. -->","yoast_head_json":{"title":"Monica Peronace - R&amp;R - Studio Legale Tributario","robots":{"index":"index","follow":"follow","max-snippet":"max-snippet:-1","max-image-preview":"max-image-preview:large","max-video-preview":"max-video-preview:-1"},"canonical":"https:\/\/rrtaxandlegal.com\/monica-peronace\/","og_locale":"es_ES","og_type":"article","og_title":"Monica Peronace - R&amp;R - Studio Legale Tributario","og_description":"Monica Peronace Curriculum vitae La abogada Monica Peronace, nacida en Locri el 2 de diciembre de 1978, se licenci\u00f3 en Derecho en la Universidad de Roma &#8220;La Sapienza&#8221; el 20 de enero de 2004. \u00c1mbito de actividad: De mayo de 2004 a junio de 2006 fue becario en el bufete de abogados Avvocato Vincenzo Bombardieri [&hellip;]","og_url":"https:\/\/rrtaxandlegal.com\/monica-peronace\/","og_site_name":"R&amp;R - Studio Legale Tributario","article_modified_time":"2023-10-30T13:05:22+00:00","og_image":[{"url":"https:\/\/rrtaxandlegal.com\/wp-content\/uploads\/2023\/02\/pexels-sora-shimazaki-5668481.jpg"}],"twitter_card":"summary_large_image","twitter_misc":{"Tiempo de lectura":"3 minutos"},"schema":{"@context":"https:\/\/schema.org","@graph":[{"@type":"WebPage","@id":"https:\/\/rrtaxandlegal.com\/monica-peronace\/","url":"https:\/\/rrtaxandlegal.com\/monica-peronace\/","name":"Monica Peronace - R&amp;R - Studio Legale Tributario","isPartOf":{"@id":"https:\/\/rrtaxandlegal.com\/#website"},"datePublished":"2023-03-14T10:02:28+00:00","dateModified":"2023-10-30T13:05:22+00:00","breadcrumb":{"@id":"https:\/\/rrtaxandlegal.com\/monica-peronace\/#breadcrumb"},"inLanguage":"es","potentialAction":[{"@type":"ReadAction","target":["https:\/\/rrtaxandlegal.com\/monica-peronace\/"]}]},{"@type":"BreadcrumbList","@id":"https:\/\/rrtaxandlegal.com\/monica-peronace\/#breadcrumb","itemListElement":[{"@type":"ListItem","position":1,"name":"Home","item":"https:\/\/rrtaxandlegal.com\/"},{"@type":"ListItem","position":2,"name":"Monica Peronace"}]},{"@type":"WebSite","@id":"https:\/\/rrtaxandlegal.com\/#website","url":"https:\/\/rrtaxandlegal.com\/","name":"R&amp;R - Studio Legale Tributario","description":"Avvocati Massimiliano e Sergio Russo","publisher":{"@id":"https:\/\/rrtaxandlegal.com\/#organization"},"potentialAction":[{"@type":"SearchAction","target":{"@type":"EntryPoint","urlTemplate":"https:\/\/rrtaxandlegal.com\/?s={search_term_string}"},"query-input":"required name=search_term_string"}],"inLanguage":"es"},{"@type":"Organization","@id":"https:\/\/rrtaxandlegal.com\/#organization","name":"R&amp;R - Studio Legale Tributario","url":"https:\/\/rrtaxandlegal.com\/","logo":{"@type":"ImageObject","inLanguage":"es","@id":"https:\/\/rrtaxandlegal.com\/#\/schema\/logo\/image\/","url":"https:\/\/rrtaxandlegal.com\/wp-content\/uploads\/2023\/03\/cropped-logo-blu_1@300x-8.png","contentUrl":"https:\/\/rrtaxandlegal.com\/wp-content\/uploads\/2023\/03\/cropped-logo-blu_1@300x-8.png","width":301,"height":60,"caption":"R&amp;R - Studio Legale Tributario"},"image":{"@id":"https:\/\/rrtaxandlegal.com\/#\/schema\/logo\/image\/"}}]}},"_links":{"self":[{"href":"https:\/\/rrtaxandlegal.com\/es\/wp-json\/wp\/v2\/pages\/11826","targetHints":{"allow":["GET"]}}],"collection":[{"href":"https:\/\/rrtaxandlegal.com\/es\/wp-json\/wp\/v2\/pages"}],"about":[{"href":"https:\/\/rrtaxandlegal.com\/es\/wp-json\/wp\/v2\/types\/page"}],"author":[{"embeddable":true,"href":"https:\/\/rrtaxandlegal.com\/es\/wp-json\/wp\/v2\/users\/1"}],"replies":[{"embeddable":true,"href":"https:\/\/rrtaxandlegal.com\/es\/wp-json\/wp\/v2\/comments?post=11826"}],"version-history":[{"count":2,"href":"https:\/\/rrtaxandlegal.com\/es\/wp-json\/wp\/v2\/pages\/11826\/revisions"}],"predecessor-version":[{"id":12056,"href":"https:\/\/rrtaxandlegal.com\/es\/wp-json\/wp\/v2\/pages\/11826\/revisions\/12056"}],"wp:attachment":[{"href":"https:\/\/rrtaxandlegal.com\/es\/wp-json\/wp\/v2\/media?parent=11826"}],"curies":[{"name":"wp","href":"https:\/\/api.w.org\/{rel}","templated":true}]}}