{"id":11824,"date":"2023-03-14T09:54:12","date_gmt":"2023-03-14T09:54:12","guid":{"rendered":"https:\/\/rrtaxandlegal.futuretechlead.com\/alessandro-voglino\/"},"modified":"2023-12-15T09:42:39","modified_gmt":"2023-12-15T09:42:39","slug":"alessandro-voglino","status":"publish","type":"page","link":"https:\/\/rrtaxandlegal.com\/es\/alessandro-voglino\/","title":{"rendered":"Alessandro Voglino"},"content":{"rendered":"\t\t<div data-elementor-type=\"wp-page\" data-elementor-id=\"11824\" class=\"elementor elementor-11824 elementor-11537\">\n\t\t\t\t\t\t\t\t\t<section class=\"elementor-section elementor-top-section elementor-element elementor-element-606e6fe elementor-section-boxed elementor-section-height-default elementor-section-height-default qodef-elementor-content-no\" data-id=\"606e6fe\" data-element_type=\"section\" data-settings=\"{&quot;_ha_eqh_enable&quot;:false}\">\n\t\t\t\t\t\t<div class=\"elementor-container elementor-column-gap-default\">\n\t\t\t\t\t<div class=\"elementor-column elementor-col-100 elementor-top-column elementor-element elementor-element-f88ff36\" data-id=\"f88ff36\" data-element_type=\"column\">\n\t\t\t<div class=\"elementor-widget-wrap elementor-element-populated\">\n\t\t\t\t\t\t\t\t<div class=\"elementor-element elementor-element-5657b35 elementor-widget__width-auto elementor-widget elementor-widget-image\" data-id=\"5657b35\" data-element_type=\"widget\" data-widget_type=\"image.default\">\n\t\t\t\t<div class=\"elementor-widget-container\">\n\t\t\t<style>\/*! elementor - v3.13.1 - 09-05-2023 *\/\n.elementor-widget-image{text-align:center}.elementor-widget-image a{display:inline-block}.elementor-widget-image a img[src$=\".svg\"]{width:48px}.elementor-widget-image img{vertical-align:middle;display:inline-block}<\/style>\t\t\t\t\t\t\t\t\t\t\t\t<img loading=\"lazy\" decoding=\"async\" width=\"501\" height=\"501\" src=\"https:\/\/rrtaxandlegal.com\/wp-content\/uploads\/2023\/02\/pexels-sora-shimazaki-5669602.jpg\" class=\"attachment-large size-large wp-image-11327\" alt=\"\" srcset=\"https:\/\/rrtaxandlegal.com\/wp-content\/uploads\/2023\/02\/pexels-sora-shimazaki-5669602.jpg 501w, https:\/\/rrtaxandlegal.com\/wp-content\/uploads\/2023\/02\/pexels-sora-shimazaki-5669602-300x300.jpg 300w, https:\/\/rrtaxandlegal.com\/wp-content\/uploads\/2023\/02\/pexels-sora-shimazaki-5669602-150x150.jpg 150w, https:\/\/rrtaxandlegal.com\/wp-content\/uploads\/2023\/02\/pexels-sora-shimazaki-5669602-100x100.jpg 100w\" sizes=\"auto, (max-width: 501px) 100vw, 501px\" \/>\t\t\t\t\t\t\t\t\t\t\t\t\t\t\t<\/div>\n\t\t\t\t<\/div>\n\t\t\t\t<div class=\"elementor-element elementor-element-8542869 elementor-widget elementor-widget-heading\" data-id=\"8542869\" data-element_type=\"widget\" data-widget_type=\"heading.default\">\n\t\t\t\t<div class=\"elementor-widget-container\">\n\t\t\t<style>\/*! elementor - v3.13.1 - 09-05-2023 *\/\n.elementor-heading-title{padding:0;margin:0;line-height:1}.elementor-widget-heading .elementor-heading-title[class*=elementor-size-]>a{color:inherit;font-size:inherit;line-height:inherit}.elementor-widget-heading .elementor-heading-title.elementor-size-small{font-size:15px}.elementor-widget-heading .elementor-heading-title.elementor-size-medium{font-size:19px}.elementor-widget-heading .elementor-heading-title.elementor-size-large{font-size:29px}.elementor-widget-heading .elementor-heading-title.elementor-size-xl{font-size:39px}.elementor-widget-heading .elementor-heading-title.elementor-size-xxl{font-size:59px}<\/style><h2 class=\"elementor-heading-title elementor-size-default\">Alessandro Voglino<\/h2>\t\t<\/div>\n\t\t\t\t<\/div>\n\t\t\t\t<div class=\"elementor-element elementor-element-42e01e4 elementor-widget elementor-widget-halstein_core_icon_list_item\" data-id=\"42e01e4\" data-element_type=\"widget\" data-widget_type=\"halstein_core_icon_list_item.default\">\n\t\t\t\t<div class=\"elementor-widget-container\">\n\t\t\t<div class=\"qodef-icon-list-item qodef-icon--icon-pack\" >\n\t<p class=\"qodef-e-title\" >\n\t\t\t\t\t<a itemprop=\"url\" href=\"https:\/\/rrtaxandlegal.com\/wp-content\/uploads\/2023\/02\/Alessandro_Voglino_cv.pdf\" target=\"_blank\">\n\t\t\t\t\t<span class=\"qodef-e-title-inner\">\n\t\t\t\t<span class=\"qodef-shortcode qodef-m  qodef-icon-holder  qodef-layout--normal\"  >\t\t\t<span class=\"qodef-icon-elegant-icons icon_document qodef-icon qodef-e\" style=\"color: #DAAE63;font-size: 20px\" ><\/span>\t<\/span>\t\t\t\t<span class=\"qodef-e-title-text\">Curriculum vitae<\/span>\n\t\t\t<\/span>\n\t\t\t\t\t<\/a>\n\t\t\t<\/p>\n<\/div>\n\t\t<\/div>\n\t\t\t\t<\/div>\n\t\t\t\t<div class=\"elementor-element elementor-element-8c57d58 elementor-widget elementor-widget-text-editor\" data-id=\"8c57d58\" data-element_type=\"widget\" data-widget_type=\"text-editor.default\">\n\t\t\t\t<div class=\"elementor-widget-container\">\n\t\t\t<style>\/*! elementor - v3.13.1 - 09-05-2023 *\/\n.elementor-widget-text-editor.elementor-drop-cap-view-stacked .elementor-drop-cap{background-color:#69727d;color:#fff}.elementor-widget-text-editor.elementor-drop-cap-view-framed .elementor-drop-cap{color:#69727d;border:3px solid;background-color:transparent}.elementor-widget-text-editor:not(.elementor-drop-cap-view-default) .elementor-drop-cap{margin-top:8px}.elementor-widget-text-editor:not(.elementor-drop-cap-view-default) .elementor-drop-cap-letter{width:1em;height:1em}.elementor-widget-text-editor .elementor-drop-cap{float:left;text-align:center;line-height:1;font-size:50px}.elementor-widget-text-editor .elementor-drop-cap-letter{display:inline-block}<\/style>\t\t\t\t<p>Nacido en Roma el 24 de abril de 1963<br \/>Habilitado como abogado en 1992, y admitido a ejercer ante el Tribunal de Casaci\u00f3n y las jurisdicciones superiores desde 2005. <\/p>\n<p><strong>\u00c1mbito de actividad:<\/strong><br \/>Desde 1992, es miembro permanente del Consejo de Redacci\u00f3n de la revista jur\u00eddica &#8220;Bollettino Tributario&#8221;, con sede en Mil\u00e1n, de la que tambi\u00e9n es redactor jefe desde 2012.<br \/>Es miembro de la C\u00e1mara de Abogados Fiscales de Roma desde 2001.<br \/>Desde el curso acad\u00e9mico 1998\/1999 y hasta el curso 2014\/2015, es experto en la materia y miembro permanente de las Comisiones para la realizaci\u00f3n de ex\u00e1menes lucrativos en la Facultad de Econ\u00f3micas de la Universidad de Roma<br \/>&#8220;Sapienza&#8221; para los cursos, en vigor ratione temporis, de Derecho Tributario, Derecho Tributario Empresarial I, Derecho Tributario Empresarial II y Derecho Tributario Internacional.<br \/>Desde julio de 2016, es experto en la materia y miembro permanente de las Comisiones para la realizaci\u00f3n de ex\u00e1menes a t\u00edtulo lucrativo en el Departamento de Derecho de la Segunda Universidad de N\u00e1poles para el curso de Derecho Procesal Tributario.<\/p>\n<p>En diciembre de 2014, dise\u00f1\u00f3 y coordin\u00f3 el Curso de Formaci\u00f3n Profesional Avanzada en Litigaci\u00f3n Fiscal, organizado por la Fondazione Telos &#8211; Centro Studi dell&#8217;Ordine dei Dottori Commercialisti e degli Esperti.<br \/>Contables de Roma en colaboraci\u00f3n con la revista &#8220;Bollettino Tributario&#8221;.<br \/>En febrero de 2015, concibi\u00f3 y coordin\u00f3 la Conferencia sobre Temas de Actualidad en Litigios Fiscales, organizada por el Colegio de Censores Jurados de Cuentas y Expertos Contables de Roma en colaboraci\u00f3n con la revista &#8220;Bollettino Tributario&#8221;, de la que concluy\u00f3 las actas.<\/p>\n<p>En octubre de 2015, dise\u00f1\u00f3 y coordin\u00f3 la nueva edici\u00f3n del Curso de Formaci\u00f3n Profesional Avanzada en Litigaci\u00f3n Tributaria, organizado por la Fondazione Telos &#8211; Centro Studi dell&#8217;Ordine dei Dottori Commercialisti e degli Esperti Contabili di Roma en colaboraci\u00f3n con la revista &#8216;Bollettino Tributario&#8217;.<br \/>Actividad cient\u00edfica: Desde 1990 es autor de 120 publicaciones, repartidas entre<br \/>art\u00edculos de doctrina, notas a sentencias y colaboraciones en obras monogr\u00e1ficas de fondo,<br \/>todas ellas sobre temas de derecho tributario, con especial atenci\u00f3n a la liquidaci\u00f3n de impuestos,<br \/>la litigaci\u00f3n tributaria y la recaudaci\u00f3n tributaria, aparecidas principalmente en la revista jur\u00eddica &#8220;Bollettino Tributario&#8221; de Mil\u00e1n, y por otra<br \/>parte en las revistas jur\u00eddicas &#8220;Diritto e Pratica Tributaria&#8221; de Padua y &#8220;Ascotributi&#8221; de Roma, as\u00ed como en vol\u00famenes colectivos publicados por importantes editoriales.<\/p>\n<p>Entre los numerosos temas abordados se encuentran, entre otros, los criterios y principios de valoraci\u00f3n y externalizaci\u00f3n de las deudas tributarias, la justificaci\u00f3n y prueba de las liquidaciones tributarias, la revisabilidad o no de la conveniencia<br \/>de las operaciones realizadas por los contribuyentes, el m\u00e9todo de estimaci\u00f3n inductiva de la renta empresarial y el papel de los estudios de medias y sectoriales, el m\u00e9todo de estimaci\u00f3n sint\u00e9tica de la renta de las personas f\u00edsicas, la estimaci\u00f3n bancaria, la incidencia de la ley general de procedimiento administrativo en materia tributaria, la presunci\u00f3n de distribuci\u00f3n de los beneficios extracontables imputados a las sociedades de reducida base accionarial, el valor y alcance del informe de comprobaci\u00f3n tributaria y de las circulares ministeriales y otras declaraciones ministeriales en materia tributaria, el acceso del contribuyente a los documentos en el procedimiento tributario, los actos impugnables en el contencioso tributario, la suspensi\u00f3n administrativa y judicial de los actos tributarios, la conciliaci\u00f3n judicial y otras instituciones deflectoras del contencioso tributario, la remisi\u00f3n en plazo por error excusable en el contencioso tributario, la formulaci\u00f3n de motivos de recurso de casaci\u00f3n, el procedimiento para la imposici\u00f3n de sanciones tributarias, la<br \/>la devoluci\u00f3n del impuesto indebido de sociedades de capital, la recaudaci\u00f3n de los impuestos, la justificaci\u00f3n de la carta de pago, el recurso y la suspensi\u00f3n de las listas cobratorias y de las notificaciones de impago,<br \/>la hipoteca fiscal y el embargo, la detenci\u00f3n administrativa y el registro hipotecario ordenados por el agente de recaudaci\u00f3n, los perfiles fiscales de los grupos de empresas y, por \u00faltimo, el derecho del contribuyente a ser o\u00eddo en los procedimientos de liquidaci\u00f3n de impuestos.<\/p>\n\t\t\t\t\t\t<\/div>\n\t\t\t\t<\/div>\n\t\t\t\t\t<\/div>\n\t\t<\/div>\n\t\t\t\t\t\t\t<\/div>\n\t\t<\/section>\n\t\t\t\t\t\t\t<\/div>\n\t\t","protected":false},"excerpt":{"rendered":"<p>Alessandro Voglino Curriculum vitae Nacido en Roma el 24 de abril de 1963Habilitado como abogado en 1992, y admitido a ejercer ante el Tribunal de Casaci\u00f3n y las jurisdicciones superiores desde 2005. \u00c1mbito de actividad:Desde 1992, es miembro permanente del Consejo de Redacci\u00f3n de la revista jur\u00eddica &#8220;Bollettino Tributario&#8221;, con sede en Mil\u00e1n, de la [&hellip;]<\/p>\n","protected":false},"author":1,"featured_media":0,"parent":0,"menu_order":0,"comment_status":"closed","ping_status":"closed","template":"","meta":{"footnotes":""},"class_list":["post-11824","page","type-page","status-publish","hentry"],"yoast_head":"<!-- This site is optimized with the Yoast SEO plugin v21.7 - https:\/\/yoast.com\/wordpress\/plugins\/seo\/ -->\n<title>Alessandro Voglino - R&amp;R - Studio Legale Tributario<\/title>\n<meta name=\"robots\" content=\"index, follow, max-snippet:-1, max-image-preview:large, max-video-preview:-1\" \/>\n<link rel=\"canonical\" href=\"https:\/\/rrtaxandlegal.com\/es\/alessandro-voglino\/\" \/>\n<meta property=\"og:locale\" content=\"es_ES\" \/>\n<meta property=\"og:type\" content=\"article\" \/>\n<meta property=\"og:title\" content=\"Alessandro Voglino - R&amp;R - Studio Legale Tributario\" \/>\n<meta property=\"og:description\" content=\"Alessandro Voglino Curriculum vitae Nacido en Roma el 24 de abril de 1963Habilitado como abogado en 1992, y admitido a ejercer ante el Tribunal de Casaci\u00f3n y las jurisdicciones superiores desde 2005. \u00c1mbito de actividad:Desde 1992, es miembro permanente del Consejo de Redacci\u00f3n de la revista jur\u00eddica &#8220;Bollettino Tributario&#8221;, con sede en Mil\u00e1n, de la [&hellip;]\" \/>\n<meta property=\"og:url\" content=\"https:\/\/rrtaxandlegal.com\/es\/alessandro-voglino\/\" \/>\n<meta property=\"og:site_name\" content=\"R&amp;R - Studio Legale Tributario\" \/>\n<meta property=\"article:modified_time\" content=\"2023-12-15T09:42:39+00:00\" \/>\n<meta property=\"og:image\" content=\"https:\/\/rrtaxandlegal.com\/wp-content\/uploads\/2023\/02\/pexels-sora-shimazaki-5669602.jpg\" \/>\n<meta name=\"twitter:card\" content=\"summary_large_image\" \/>\n<meta name=\"twitter:label1\" content=\"Tiempo de lectura\" \/>\n\t<meta name=\"twitter:data1\" content=\"4 minutos\" \/>\n<script type=\"application\/ld+json\" class=\"yoast-schema-graph\">{\"@context\":\"https:\/\/schema.org\",\"@graph\":[{\"@type\":\"WebPage\",\"@id\":\"https:\/\/rrtaxandlegal.com\/es\/alessandro-voglino\/\",\"url\":\"https:\/\/rrtaxandlegal.com\/es\/alessandro-voglino\/\",\"name\":\"Alessandro Voglino - R&amp;R - Studio Legale Tributario\",\"isPartOf\":{\"@id\":\"https:\/\/rrtaxandlegal.com\/#website\"},\"datePublished\":\"2023-03-14T09:54:12+00:00\",\"dateModified\":\"2023-12-15T09:42:39+00:00\",\"breadcrumb\":{\"@id\":\"https:\/\/rrtaxandlegal.com\/es\/alessandro-voglino\/#breadcrumb\"},\"inLanguage\":\"es\",\"potentialAction\":[{\"@type\":\"ReadAction\",\"target\":[\"https:\/\/rrtaxandlegal.com\/es\/alessandro-voglino\/\"]}]},{\"@type\":\"BreadcrumbList\",\"@id\":\"https:\/\/rrtaxandlegal.com\/es\/alessandro-voglino\/#breadcrumb\",\"itemListElement\":[{\"@type\":\"ListItem\",\"position\":1,\"name\":\"Home\",\"item\":\"https:\/\/rrtaxandlegal.com\/\"},{\"@type\":\"ListItem\",\"position\":2,\"name\":\"Alessandro Voglino\"}]},{\"@type\":\"WebSite\",\"@id\":\"https:\/\/rrtaxandlegal.com\/#website\",\"url\":\"https:\/\/rrtaxandlegal.com\/\",\"name\":\"R&amp;R - Studio Legale Tributario\",\"description\":\"Avvocati Massimiliano e Sergio Russo\",\"publisher\":{\"@id\":\"https:\/\/rrtaxandlegal.com\/#organization\"},\"potentialAction\":[{\"@type\":\"SearchAction\",\"target\":{\"@type\":\"EntryPoint\",\"urlTemplate\":\"https:\/\/rrtaxandlegal.com\/?s={search_term_string}\"},\"query-input\":\"required name=search_term_string\"}],\"inLanguage\":\"es\"},{\"@type\":\"Organization\",\"@id\":\"https:\/\/rrtaxandlegal.com\/#organization\",\"name\":\"R&amp;R - Studio Legale Tributario\",\"url\":\"https:\/\/rrtaxandlegal.com\/\",\"logo\":{\"@type\":\"ImageObject\",\"inLanguage\":\"es\",\"@id\":\"https:\/\/rrtaxandlegal.com\/#\/schema\/logo\/image\/\",\"url\":\"https:\/\/rrtaxandlegal.com\/wp-content\/uploads\/2023\/03\/cropped-logo-blu_1@300x-8.png\",\"contentUrl\":\"https:\/\/rrtaxandlegal.com\/wp-content\/uploads\/2023\/03\/cropped-logo-blu_1@300x-8.png\",\"width\":301,\"height\":60,\"caption\":\"R&amp;R - Studio Legale Tributario\"},\"image\":{\"@id\":\"https:\/\/rrtaxandlegal.com\/#\/schema\/logo\/image\/\"}}]}<\/script>\n<!-- \/ Yoast SEO plugin. -->","yoast_head_json":{"title":"Alessandro Voglino - R&amp;R - Studio Legale Tributario","robots":{"index":"index","follow":"follow","max-snippet":"max-snippet:-1","max-image-preview":"max-image-preview:large","max-video-preview":"max-video-preview:-1"},"canonical":"https:\/\/rrtaxandlegal.com\/es\/alessandro-voglino\/","og_locale":"es_ES","og_type":"article","og_title":"Alessandro Voglino - R&amp;R - Studio Legale Tributario","og_description":"Alessandro Voglino Curriculum vitae Nacido en Roma el 24 de abril de 1963Habilitado como abogado en 1992, y admitido a ejercer ante el Tribunal de Casaci\u00f3n y las jurisdicciones superiores desde 2005. \u00c1mbito de actividad:Desde 1992, es miembro permanente del Consejo de Redacci\u00f3n de la revista jur\u00eddica &#8220;Bollettino Tributario&#8221;, con sede en Mil\u00e1n, de la [&hellip;]","og_url":"https:\/\/rrtaxandlegal.com\/es\/alessandro-voglino\/","og_site_name":"R&amp;R - Studio Legale Tributario","article_modified_time":"2023-12-15T09:42:39+00:00","og_image":[{"url":"https:\/\/rrtaxandlegal.com\/wp-content\/uploads\/2023\/02\/pexels-sora-shimazaki-5669602.jpg"}],"twitter_card":"summary_large_image","twitter_misc":{"Tiempo de lectura":"4 minutos"},"schema":{"@context":"https:\/\/schema.org","@graph":[{"@type":"WebPage","@id":"https:\/\/rrtaxandlegal.com\/es\/alessandro-voglino\/","url":"https:\/\/rrtaxandlegal.com\/es\/alessandro-voglino\/","name":"Alessandro Voglino - R&amp;R - Studio Legale Tributario","isPartOf":{"@id":"https:\/\/rrtaxandlegal.com\/#website"},"datePublished":"2023-03-14T09:54:12+00:00","dateModified":"2023-12-15T09:42:39+00:00","breadcrumb":{"@id":"https:\/\/rrtaxandlegal.com\/es\/alessandro-voglino\/#breadcrumb"},"inLanguage":"es","potentialAction":[{"@type":"ReadAction","target":["https:\/\/rrtaxandlegal.com\/es\/alessandro-voglino\/"]}]},{"@type":"BreadcrumbList","@id":"https:\/\/rrtaxandlegal.com\/es\/alessandro-voglino\/#breadcrumb","itemListElement":[{"@type":"ListItem","position":1,"name":"Home","item":"https:\/\/rrtaxandlegal.com\/"},{"@type":"ListItem","position":2,"name":"Alessandro Voglino"}]},{"@type":"WebSite","@id":"https:\/\/rrtaxandlegal.com\/#website","url":"https:\/\/rrtaxandlegal.com\/","name":"R&amp;R - Studio Legale Tributario","description":"Avvocati Massimiliano e Sergio Russo","publisher":{"@id":"https:\/\/rrtaxandlegal.com\/#organization"},"potentialAction":[{"@type":"SearchAction","target":{"@type":"EntryPoint","urlTemplate":"https:\/\/rrtaxandlegal.com\/?s={search_term_string}"},"query-input":"required name=search_term_string"}],"inLanguage":"es"},{"@type":"Organization","@id":"https:\/\/rrtaxandlegal.com\/#organization","name":"R&amp;R - Studio Legale Tributario","url":"https:\/\/rrtaxandlegal.com\/","logo":{"@type":"ImageObject","inLanguage":"es","@id":"https:\/\/rrtaxandlegal.com\/#\/schema\/logo\/image\/","url":"https:\/\/rrtaxandlegal.com\/wp-content\/uploads\/2023\/03\/cropped-logo-blu_1@300x-8.png","contentUrl":"https:\/\/rrtaxandlegal.com\/wp-content\/uploads\/2023\/03\/cropped-logo-blu_1@300x-8.png","width":301,"height":60,"caption":"R&amp;R - Studio Legale Tributario"},"image":{"@id":"https:\/\/rrtaxandlegal.com\/#\/schema\/logo\/image\/"}}]}},"_links":{"self":[{"href":"https:\/\/rrtaxandlegal.com\/es\/wp-json\/wp\/v2\/pages\/11824","targetHints":{"allow":["GET"]}}],"collection":[{"href":"https:\/\/rrtaxandlegal.com\/es\/wp-json\/wp\/v2\/pages"}],"about":[{"href":"https:\/\/rrtaxandlegal.com\/es\/wp-json\/wp\/v2\/types\/page"}],"author":[{"embeddable":true,"href":"https:\/\/rrtaxandlegal.com\/es\/wp-json\/wp\/v2\/users\/1"}],"replies":[{"embeddable":true,"href":"https:\/\/rrtaxandlegal.com\/es\/wp-json\/wp\/v2\/comments?post=11824"}],"version-history":[{"count":3,"href":"https:\/\/rrtaxandlegal.com\/es\/wp-json\/wp\/v2\/pages\/11824\/revisions"}],"predecessor-version":[{"id":12116,"href":"https:\/\/rrtaxandlegal.com\/es\/wp-json\/wp\/v2\/pages\/11824\/revisions\/12116"}],"wp:attachment":[{"href":"https:\/\/rrtaxandlegal.com\/es\/wp-json\/wp\/v2\/media?parent=11824"}],"curies":[{"name":"wp","href":"https:\/\/api.w.org\/{rel}","templated":true}]}}