{"id":11820,"date":"2021-10-05T14:18:49","date_gmt":"2021-10-05T14:18:49","guid":{"rendered":"https:\/\/rrtaxandlegal.futuretechlead.com\/massimiliano-russo\/"},"modified":"2023-10-30T09:49:40","modified_gmt":"2023-10-30T09:49:40","slug":"massimiliano-russo","status":"publish","type":"page","link":"https:\/\/rrtaxandlegal.com\/es\/massimiliano-russo\/","title":{"rendered":"Massimiliano Russo"},"content":{"rendered":"\t\t<div data-elementor-type=\"wp-page\" data-elementor-id=\"11820\" class=\"elementor elementor-11820 elementor-322\">\n\t\t\t\t\t\t\t\t\t<section class=\"elementor-section elementor-top-section elementor-element elementor-element-606e6fe elementor-section-boxed elementor-section-height-default elementor-section-height-default qodef-elementor-content-no\" data-id=\"606e6fe\" data-element_type=\"section\" data-settings=\"{&quot;_ha_eqh_enable&quot;:false}\">\n\t\t\t\t\t\t<div class=\"elementor-container elementor-column-gap-default\">\n\t\t\t\t\t<div class=\"elementor-column elementor-col-100 elementor-top-column elementor-element elementor-element-f88ff36\" data-id=\"f88ff36\" data-element_type=\"column\">\n\t\t\t<div class=\"elementor-widget-wrap elementor-element-populated\">\n\t\t\t\t\t\t\t\t<section class=\"elementor-section elementor-inner-section elementor-element elementor-element-bf17390 elementor-section-boxed elementor-section-height-default elementor-section-height-default qodef-elementor-content-no\" data-id=\"bf17390\" data-element_type=\"section\" data-settings=\"{&quot;_ha_eqh_enable&quot;:false}\">\n\t\t\t\t\t\t<div class=\"elementor-container elementor-column-gap-default\">\n\t\t\t\t\t<div class=\"elementor-column elementor-col-50 elementor-inner-column elementor-element elementor-element-36b6530\" data-id=\"36b6530\" data-element_type=\"column\">\n\t\t\t<div class=\"elementor-widget-wrap elementor-element-populated\">\n\t\t\t\t\t\t\t\t<div class=\"elementor-element elementor-element-5657b35 elementor-widget__width-auto elementor-widget elementor-widget-image\" data-id=\"5657b35\" data-element_type=\"widget\" data-widget_type=\"image.default\">\n\t\t\t\t<div class=\"elementor-widget-container\">\n\t\t\t<style>\/*! elementor - v3.13.1 - 09-05-2023 *\/\n.elementor-widget-image{text-align:center}.elementor-widget-image a{display:inline-block}.elementor-widget-image a img[src$=\".svg\"]{width:48px}.elementor-widget-image img{vertical-align:middle;display:inline-block}<\/style>\t\t\t\t\t\t\t\t\t\t\t\t<img loading=\"lazy\" decoding=\"async\" width=\"512\" height=\"512\" src=\"https:\/\/rrtaxandlegal.com\/wp-content\/uploads\/2021\/10\/Senza-titolo-2.jpg\" class=\"attachment-large size-large wp-image-11319\" alt=\"\" srcset=\"https:\/\/rrtaxandlegal.com\/wp-content\/uploads\/2021\/10\/Senza-titolo-2.jpg 512w, https:\/\/rrtaxandlegal.com\/wp-content\/uploads\/2021\/10\/Senza-titolo-2-300x300.jpg 300w, https:\/\/rrtaxandlegal.com\/wp-content\/uploads\/2021\/10\/Senza-titolo-2-150x150.jpg 150w, https:\/\/rrtaxandlegal.com\/wp-content\/uploads\/2021\/10\/Senza-titolo-2-100x100.jpg 100w\" sizes=\"auto, (max-width: 512px) 100vw, 512px\" \/>\t\t\t\t\t\t\t\t\t\t\t\t\t\t\t<\/div>\n\t\t\t\t<\/div>\n\t\t\t\t\t<\/div>\n\t\t<\/div>\n\t\t\t\t<div class=\"elementor-column elementor-col-50 elementor-inner-column elementor-element elementor-element-eed18e1\" data-id=\"eed18e1\" data-element_type=\"column\">\n\t\t\t<div class=\"elementor-widget-wrap elementor-element-populated\">\n\t\t\t\t\t\t\t\t<div class=\"elementor-element elementor-element-929a575 elementor-widget__width-inherit elementor-widget elementor-widget-heading\" data-id=\"929a575\" data-element_type=\"widget\" data-widget_type=\"heading.default\">\n\t\t\t\t<div class=\"elementor-widget-container\">\n\t\t\t<style>\/*! elementor - v3.13.1 - 09-05-2023 *\/\n.elementor-heading-title{padding:0;margin:0;line-height:1}.elementor-widget-heading .elementor-heading-title[class*=elementor-size-]>a{color:inherit;font-size:inherit;line-height:inherit}.elementor-widget-heading .elementor-heading-title.elementor-size-small{font-size:15px}.elementor-widget-heading .elementor-heading-title.elementor-size-medium{font-size:19px}.elementor-widget-heading .elementor-heading-title.elementor-size-large{font-size:29px}.elementor-widget-heading .elementor-heading-title.elementor-size-xl{font-size:39px}.elementor-widget-heading .elementor-heading-title.elementor-size-xxl{font-size:59px}<\/style><h4 class=\"elementor-heading-title elementor-size-default\">Contacto<\/h4>\t\t<\/div>\n\t\t\t\t<\/div>\n\t\t\t\t<div class=\"elementor-element elementor-element-ba6f178 elementor-widget elementor-widget-qi_addons_for_elementor_contact_form_7\" data-id=\"ba6f178\" data-element_type=\"widget\" data-widget_type=\"qi_addons_for_elementor_contact_form_7.default\">\n\t\t\t\t<div class=\"elementor-widget-container\">\n\t\t\t<div class=\"qodef-shortcode qodef-m  qodef-qi-contact-form-7 \">\n\t\n<div class=\"wpcf7 no-js\" id=\"wpcf7-f11689-o1\" lang=\"it-IT\" dir=\"ltr\">\n<div class=\"screen-reader-response\"><p role=\"status\" aria-live=\"polite\" aria-atomic=\"true\"><\/p> <ul><\/ul><\/div>\n<form action=\"\/es\/wp-json\/wp\/v2\/pages\/11820#wpcf7-f11689-o1\" method=\"post\" class=\"wpcf7-form init cf7mls-no-scroll cf7mls-no-moving-animation\" aria-label=\"Modulo di contatto\" novalidate=\"novalidate\" data-status=\"init\">\n<div style=\"display: none;\">\n<input type=\"hidden\" name=\"_wpcf7\" value=\"11689\" \/>\n<input type=\"hidden\" name=\"_wpcf7_version\" value=\"5.8.1\" \/>\n<input type=\"hidden\" name=\"_wpcf7_locale\" value=\"it_IT\" \/>\n<input type=\"hidden\" name=\"_wpcf7_unit_tag\" value=\"wpcf7-f11689-o1\" \/>\n<input type=\"hidden\" name=\"_wpcf7_container_post\" value=\"0\" \/>\n<input type=\"hidden\" name=\"_wpcf7_posted_data_hash\" value=\"\" \/>\n<\/div>\n<label> Email\n    <span class=\"wpcf7-form-control-wrap\" data-name=\"your-email\"><input size=\"40\" class=\"wpcf7-form-control wpcf7-email wpcf7-validates-as-required wpcf7-text wpcf7-validates-as-email\" autocomplete=\"email\" aria-required=\"true\" aria-invalid=\"false\" value=\"\" type=\"email\" name=\"your-email\" \/><\/span> <\/label>\n\n<label> Messaggio\n    <span class=\"wpcf7-form-control-wrap\" data-name=\"your-message\"><textarea cols=\"40\" rows=\"3\" class=\"wpcf7-form-control wpcf7-textarea\" aria-invalid=\"false\" name=\"your-message\"><\/textarea><\/span> <\/label>\n\n<button class=\"wpcf7-form-control wpcf7-submit qodef-button qodef-size--normal qodef-m\" type=\"submit\"><span class=\"qodef-m-text\">Invia<\/span><\/button><div class=\"wpcf7-response-output\" aria-hidden=\"true\"><\/div>\n<\/form>\n<\/div>\n<\/div>\n\t\t<\/div>\n\t\t\t\t<\/div>\n\t\t\t\t\t<\/div>\n\t\t<\/div>\n\t\t\t\t\t\t\t<\/div>\n\t\t<\/section>\n\t\t\t\t<div class=\"elementor-element elementor-element-8542869 elementor-widget elementor-widget-heading\" data-id=\"8542869\" data-element_type=\"widget\" data-widget_type=\"heading.default\">\n\t\t\t\t<div class=\"elementor-widget-container\">\n\t\t\t<h2 class=\"elementor-heading-title elementor-size-default\">Massimiliano Russo<\/h2>\t\t<\/div>\n\t\t\t\t<\/div>\n\t\t\t\t<div class=\"elementor-element elementor-element-42e01e4 elementor-widget elementor-widget-halstein_core_icon_list_item\" data-id=\"42e01e4\" data-element_type=\"widget\" data-widget_type=\"halstein_core_icon_list_item.default\">\n\t\t\t\t<div class=\"elementor-widget-container\">\n\t\t\t<div class=\"qodef-icon-list-item qodef-icon--icon-pack\" >\n\t<p class=\"qodef-e-title\" >\n\t\t\t\t\t<a itemprop=\"url\" href=\"\/wp-content\/uploads\/2023\/10\/CV-Massimiliano-Russo-2023-IT.pdf\" target=\"_blank\">\n\t\t\t\t\t<span class=\"qodef-e-title-inner\">\n\t\t\t\t<span class=\"qodef-shortcode qodef-m  qodef-icon-holder  qodef-layout--normal\"  >\t\t\t<span class=\"qodef-icon-elegant-icons icon_document qodef-icon qodef-e\" style=\"color: #DAAE63;font-size: 20px\" ><\/span>\t<\/span>\t\t\t\t<span class=\"qodef-e-title-text\">Curriculum vitae<\/span>\n\t\t\t<\/span>\n\t\t\t\t\t<\/a>\n\t\t\t<\/p>\n<\/div>\n\t\t<\/div>\n\t\t\t\t<\/div>\n\t\t\t\t<div class=\"elementor-element elementor-element-8c57d58 elementor-widget elementor-widget-text-editor\" data-id=\"8c57d58\" data-element_type=\"widget\" data-widget_type=\"text-editor.default\">\n\t\t\t\t<div class=\"elementor-widget-container\">\n\t\t\t<style>\/*! elementor - v3.13.1 - 09-05-2023 *\/\n.elementor-widget-text-editor.elementor-drop-cap-view-stacked .elementor-drop-cap{background-color:#69727d;color:#fff}.elementor-widget-text-editor.elementor-drop-cap-view-framed .elementor-drop-cap{color:#69727d;border:3px solid;background-color:transparent}.elementor-widget-text-editor:not(.elementor-drop-cap-view-default) .elementor-drop-cap{margin-top:8px}.elementor-widget-text-editor:not(.elementor-drop-cap-view-default) .elementor-drop-cap-letter{width:1em;height:1em}.elementor-widget-text-editor .elementor-drop-cap{float:left;text-align:center;line-height:1;font-size:50px}.elementor-widget-text-editor .elementor-drop-cap-letter{display:inline-block}<\/style>\t\t\t\t<p>Nacido en Palermo, el 29 de octubre de 1973<br>Miembro del Colegio de Abogados de Palermo desde 2001<\/p>\n<p><strong>\u00c1mbito de actividad:<\/strong><br>Desde enero de 2016 ha fundado R&amp;R Studio Legale e Tributario y como Socio Director coordina un grupo de profesionales, abogados y contables con experiencia en derecho societario y tributario: supervisa personalmente el departamento de derecho tributario y societario y se ocupa de operaciones de fusiones y adquisiciones, financiaci\u00f3n estructurada, compras de cr\u00e9ditos NPL y UTP, litigios tributarios, operaciones tributarias conforme al art. 182 ter L.F. y procedimientos preconcursales y concursales de planes de<br>reestructuraciones, asesoramiento fiscal nacional e internacional, transacciones extraordinarias.<br>De 2007 a 2016, socio de Studio Signori Professionisti Associati, departamento fiscal y coordinador del \u00e1rea de desarrollo de clientes internacionales (oficinas de Roma y Mil\u00e1n).<\/p><p><br>Desde 2010 Of Counsel en el Studio Legale Mannocchi e Fioretti. Coordina el \u00e1rea de Servicios Fiscales de los despachos mencionados, ocup\u00e1ndose de la planificaci\u00f3n fiscal y la asistencia fiscal a empresas y particulares.<br>Est\u00e1 especializado en fiscalidad empresarial nacional e internacional. Ha desarrollado una importante experiencia en derecho societario y en la tributaci\u00f3n directa e indirecta de operaciones de fusiones y adquisiciones, titulizaciones, reestructuraciones de pr\u00e9stamos y operaciones de financiaci\u00f3n en general, tributaci\u00f3n de estructuras de inversi\u00f3n de capital riesgo, paralizaci\u00f3n y asistencia a empresas en cuestiones de Precios de Transferencia, CFC, aplicaci\u00f3n de convenios de doble imposici\u00f3n y derecho comunitario, planificaci\u00f3n y gesti\u00f3n de cuestiones de residencia m\u00faltiple y en litigios tributarios en general. Concluy\u00f3 con \u00e9xito liquidaciones fiscales en procedimientos concordatarios y acuerdos de reestructuraci\u00f3n de deuda en varias regiones de Italia.<\/p><p><br>Responsable de desarrollo de negocio en el sector internacional para Studio Signori primero y para R&amp;R Studio Legale e Tributario ahora, trabaj\u00f3 en joint ventures, adquisiciones e integraciones de la cadena de suministro en nombre de clientes de Asia, EE.UU. y Oriente Medio, fue vicepresidente<br>de la asociaci\u00f3n Italia China Med. Tambi\u00e9n trabaj\u00f3 y trabaja en nombre del grupo indio SIVA en adquisiciones en Italia y acuerdos de franquicia maestra para exportar productos y tecnolog\u00eda italianos al extranjero, India, Malasia y Singapur.<br>En 2019 &#8211; 2020, coordin\u00f3, como Asesor Jur\u00eddico, la adquisici\u00f3n por Fincantieri Spa a trav\u00e9s de su filial Fincantieri Infrastructure Spa de la rama de Obras Mar\u00edtimas de Condotte d&#8217;acqua en Amministrazione Straordinaria.<\/p><p><br>Ha desarrollado una importante experiencia en planificaci\u00f3n financiera y fiscal para clientes italianos en inversiones inmobiliarias en Estados Unidos en Florida y el Estado de Nueva York desde 2008.<br>Fue Administrador \u00danico de Civita Castellana Srl, empresa que desarroll\u00f3 un total de 50 MW de energ\u00eda solar en Italia. Ha asesorado y asesora a fondos ingleses (Octopus y Solar Republic) en el \u00e1mbito fiscal y contable de SPV italianas que operan en el sector fotovoltaico.<br>Fue liquidador del consorcio Aster &#8211; Grossi Speier en Malta (creado para llevar a cabo las obras de ingenier\u00eda del nuevo hospital de Malta) y de las organizaciones estables en Malta de ambas empresas del consorcio.<br>Asesor jur\u00eddico y financiero de Charming Hotel Holding Srl para la gesti\u00f3n de la participaci\u00f3n accionarial ostentada en Franklin Hotel Limited que opera en el sector hotelero en Londres desde 2009 hasta 2014, a\u00f1o de la desinversi\u00f3n de la participaci\u00f3n accionarial en el Franklin Hotel de Londres, de la que supervis\u00f3 personalmente el \u00e9xito de la transmisi\u00f3n y la reestructuraci\u00f3n previa de la deuda y el saneamiento de la sociedad transmitente.<br>Jefe del Departamento Jur\u00eddico de Panama Solar Energy Provider, SPV en Panam\u00e1 con licencia definitiva para construir una planta solar de 45MW en Tocumen.<\/p><p><br>Consultor y asesor para el \u00e1rea jur\u00eddica y financiera de Greenrail Srl, una start-up italiana que opera en el sector de las traviesas ferroviarias para la que supervis\u00f3 la reorganizaci\u00f3n y determinaci\u00f3n del modelo de negocio.<br>Miembro del Consejo de Administraci\u00f3n y asesor financiero de Quatar Elan, filial de Quatar<br>Development Bank de 2017 a 2019 hasta su liquidaci\u00f3n.<br>Asesor de SC First Venture Lux sociedad de titulizaci\u00f3n que opera en el sector de la recuperaci\u00f3n<br>de cr\u00e9ditos y la morosidad.<br>Socio y miembro del Consejo de Administraci\u00f3n de Matelda Finance, empresa que opera en el sector de la morosidad y los cr\u00e9ditos no reembolsables.<br>Titular de una licencia en virtud del art\u00edculo 115 del TULPS para la misma empresa.<\/p>\t\t\t\t\t\t<\/div>\n\t\t\t\t<\/div>\n\t\t\t\t\t<\/div>\n\t\t<\/div>\n\t\t\t\t\t\t\t<\/div>\n\t\t<\/section>\n\t\t\t\t\t\t\t<\/div>\n\t\t","protected":false},"excerpt":{"rendered":"<p>Contacto Email Messaggio Invia Massimiliano Russo Curriculum vitae Nacido en Palermo, el 29 de octubre de 1973 Miembro del Colegio de Abogados de Palermo desde 2001 \u00c1mbito de actividad: Desde enero de 2016 ha fundado R&amp;R Studio Legale e Tributario y como Socio Director coordina un grupo de profesionales, abogados y contables con experiencia en [&hellip;]<\/p>\n","protected":false},"author":1,"featured_media":0,"parent":0,"menu_order":0,"comment_status":"closed","ping_status":"closed","template":"","meta":{"footnotes":""},"class_list":["post-11820","page","type-page","status-publish","hentry"],"yoast_head":"<!-- This site is optimized with the Yoast SEO plugin v21.7 - https:\/\/yoast.com\/wordpress\/plugins\/seo\/ -->\n<title>Massimiliano Russo - R&amp;R - Studio Legale Tributario<\/title>\n<meta name=\"robots\" content=\"index, follow, max-snippet:-1, max-image-preview:large, max-video-preview:-1\" \/>\n<link rel=\"canonical\" href=\"https:\/\/rrtaxandlegal.com\/massimiliano-russo\/\" \/>\n<meta property=\"og:locale\" content=\"es_ES\" \/>\n<meta property=\"og:type\" content=\"article\" \/>\n<meta property=\"og:title\" content=\"Massimiliano Russo - R&amp;R - Studio Legale Tributario\" \/>\n<meta property=\"og:description\" content=\"Contacto Email Messaggio Invia Massimiliano Russo Curriculum vitae Nacido en Palermo, el 29 de octubre de 1973 Miembro del Colegio de Abogados de Palermo desde 2001 \u00c1mbito de actividad: Desde enero de 2016 ha fundado R&amp;R Studio Legale e Tributario y como Socio Director coordina un grupo de profesionales, abogados y contables con experiencia en [&hellip;]\" \/>\n<meta property=\"og:url\" content=\"https:\/\/rrtaxandlegal.com\/massimiliano-russo\/\" \/>\n<meta property=\"og:site_name\" content=\"R&amp;R - Studio Legale Tributario\" \/>\n<meta property=\"article:modified_time\" content=\"2023-10-30T09:49:40+00:00\" \/>\n<meta property=\"og:image\" content=\"https:\/\/rrtaxandlegal.com\/wp-content\/uploads\/2021\/10\/Senza-titolo-2.jpg\" \/>\n<meta name=\"twitter:card\" content=\"summary_large_image\" \/>\n<meta name=\"twitter:label1\" content=\"Tiempo de lectura\" \/>\n\t<meta name=\"twitter:data1\" content=\"4 minutos\" \/>\n<script type=\"application\/ld+json\" class=\"yoast-schema-graph\">{\"@context\":\"https:\/\/schema.org\",\"@graph\":[{\"@type\":\"WebPage\",\"@id\":\"https:\/\/rrtaxandlegal.com\/massimiliano-russo\/\",\"url\":\"https:\/\/rrtaxandlegal.com\/massimiliano-russo\/\",\"name\":\"Massimiliano Russo - R&amp;R - Studio Legale Tributario\",\"isPartOf\":{\"@id\":\"https:\/\/rrtaxandlegal.com\/#website\"},\"datePublished\":\"2021-10-05T14:18:49+00:00\",\"dateModified\":\"2023-10-30T09:49:40+00:00\",\"breadcrumb\":{\"@id\":\"https:\/\/rrtaxandlegal.com\/massimiliano-russo\/#breadcrumb\"},\"inLanguage\":\"es\",\"potentialAction\":[{\"@type\":\"ReadAction\",\"target\":[\"https:\/\/rrtaxandlegal.com\/massimiliano-russo\/\"]}]},{\"@type\":\"BreadcrumbList\",\"@id\":\"https:\/\/rrtaxandlegal.com\/massimiliano-russo\/#breadcrumb\",\"itemListElement\":[{\"@type\":\"ListItem\",\"position\":1,\"name\":\"Home\",\"item\":\"https:\/\/rrtaxandlegal.com\/\"},{\"@type\":\"ListItem\",\"position\":2,\"name\":\"Massimiliano Russo\"}]},{\"@type\":\"WebSite\",\"@id\":\"https:\/\/rrtaxandlegal.com\/#website\",\"url\":\"https:\/\/rrtaxandlegal.com\/\",\"name\":\"R&amp;R - Studio Legale Tributario\",\"description\":\"Avvocati Massimiliano e Sergio Russo\",\"publisher\":{\"@id\":\"https:\/\/rrtaxandlegal.com\/#organization\"},\"potentialAction\":[{\"@type\":\"SearchAction\",\"target\":{\"@type\":\"EntryPoint\",\"urlTemplate\":\"https:\/\/rrtaxandlegal.com\/?s={search_term_string}\"},\"query-input\":\"required name=search_term_string\"}],\"inLanguage\":\"es\"},{\"@type\":\"Organization\",\"@id\":\"https:\/\/rrtaxandlegal.com\/#organization\",\"name\":\"R&amp;R - Studio Legale Tributario\",\"url\":\"https:\/\/rrtaxandlegal.com\/\",\"logo\":{\"@type\":\"ImageObject\",\"inLanguage\":\"es\",\"@id\":\"https:\/\/rrtaxandlegal.com\/#\/schema\/logo\/image\/\",\"url\":\"https:\/\/rrtaxandlegal.com\/wp-content\/uploads\/2023\/03\/cropped-logo-blu_1@300x-8.png\",\"contentUrl\":\"https:\/\/rrtaxandlegal.com\/wp-content\/uploads\/2023\/03\/cropped-logo-blu_1@300x-8.png\",\"width\":301,\"height\":60,\"caption\":\"R&amp;R - Studio Legale Tributario\"},\"image\":{\"@id\":\"https:\/\/rrtaxandlegal.com\/#\/schema\/logo\/image\/\"}}]}<\/script>\n<!-- \/ Yoast SEO plugin. -->","yoast_head_json":{"title":"Massimiliano Russo - R&amp;R - Studio Legale Tributario","robots":{"index":"index","follow":"follow","max-snippet":"max-snippet:-1","max-image-preview":"max-image-preview:large","max-video-preview":"max-video-preview:-1"},"canonical":"https:\/\/rrtaxandlegal.com\/massimiliano-russo\/","og_locale":"es_ES","og_type":"article","og_title":"Massimiliano Russo - R&amp;R - Studio Legale Tributario","og_description":"Contacto Email Messaggio Invia Massimiliano Russo Curriculum vitae Nacido en Palermo, el 29 de octubre de 1973 Miembro del Colegio de Abogados de Palermo desde 2001 \u00c1mbito de actividad: Desde enero de 2016 ha fundado R&amp;R Studio Legale e Tributario y como Socio Director coordina un grupo de profesionales, abogados y contables con experiencia en [&hellip;]","og_url":"https:\/\/rrtaxandlegal.com\/massimiliano-russo\/","og_site_name":"R&amp;R - Studio Legale Tributario","article_modified_time":"2023-10-30T09:49:40+00:00","og_image":[{"url":"https:\/\/rrtaxandlegal.com\/wp-content\/uploads\/2021\/10\/Senza-titolo-2.jpg"}],"twitter_card":"summary_large_image","twitter_misc":{"Tiempo de lectura":"4 minutos"},"schema":{"@context":"https:\/\/schema.org","@graph":[{"@type":"WebPage","@id":"https:\/\/rrtaxandlegal.com\/massimiliano-russo\/","url":"https:\/\/rrtaxandlegal.com\/massimiliano-russo\/","name":"Massimiliano Russo - R&amp;R - Studio Legale Tributario","isPartOf":{"@id":"https:\/\/rrtaxandlegal.com\/#website"},"datePublished":"2021-10-05T14:18:49+00:00","dateModified":"2023-10-30T09:49:40+00:00","breadcrumb":{"@id":"https:\/\/rrtaxandlegal.com\/massimiliano-russo\/#breadcrumb"},"inLanguage":"es","potentialAction":[{"@type":"ReadAction","target":["https:\/\/rrtaxandlegal.com\/massimiliano-russo\/"]}]},{"@type":"BreadcrumbList","@id":"https:\/\/rrtaxandlegal.com\/massimiliano-russo\/#breadcrumb","itemListElement":[{"@type":"ListItem","position":1,"name":"Home","item":"https:\/\/rrtaxandlegal.com\/"},{"@type":"ListItem","position":2,"name":"Massimiliano Russo"}]},{"@type":"WebSite","@id":"https:\/\/rrtaxandlegal.com\/#website","url":"https:\/\/rrtaxandlegal.com\/","name":"R&amp;R - Studio Legale Tributario","description":"Avvocati Massimiliano e Sergio Russo","publisher":{"@id":"https:\/\/rrtaxandlegal.com\/#organization"},"potentialAction":[{"@type":"SearchAction","target":{"@type":"EntryPoint","urlTemplate":"https:\/\/rrtaxandlegal.com\/?s={search_term_string}"},"query-input":"required name=search_term_string"}],"inLanguage":"es"},{"@type":"Organization","@id":"https:\/\/rrtaxandlegal.com\/#organization","name":"R&amp;R - Studio Legale Tributario","url":"https:\/\/rrtaxandlegal.com\/","logo":{"@type":"ImageObject","inLanguage":"es","@id":"https:\/\/rrtaxandlegal.com\/#\/schema\/logo\/image\/","url":"https:\/\/rrtaxandlegal.com\/wp-content\/uploads\/2023\/03\/cropped-logo-blu_1@300x-8.png","contentUrl":"https:\/\/rrtaxandlegal.com\/wp-content\/uploads\/2023\/03\/cropped-logo-blu_1@300x-8.png","width":301,"height":60,"caption":"R&amp;R - Studio Legale Tributario"},"image":{"@id":"https:\/\/rrtaxandlegal.com\/#\/schema\/logo\/image\/"}}]}},"_links":{"self":[{"href":"https:\/\/rrtaxandlegal.com\/es\/wp-json\/wp\/v2\/pages\/11820","targetHints":{"allow":["GET"]}}],"collection":[{"href":"https:\/\/rrtaxandlegal.com\/es\/wp-json\/wp\/v2\/pages"}],"about":[{"href":"https:\/\/rrtaxandlegal.com\/es\/wp-json\/wp\/v2\/types\/page"}],"author":[{"embeddable":true,"href":"https:\/\/rrtaxandlegal.com\/es\/wp-json\/wp\/v2\/users\/1"}],"replies":[{"embeddable":true,"href":"https:\/\/rrtaxandlegal.com\/es\/wp-json\/wp\/v2\/comments?post=11820"}],"version-history":[{"count":3,"href":"https:\/\/rrtaxandlegal.com\/es\/wp-json\/wp\/v2\/pages\/11820\/revisions"}],"predecessor-version":[{"id":12016,"href":"https:\/\/rrtaxandlegal.com\/es\/wp-json\/wp\/v2\/pages\/11820\/revisions\/12016"}],"wp:attachment":[{"href":"https:\/\/rrtaxandlegal.com\/es\/wp-json\/wp\/v2\/media?parent=11820"}],"curies":[{"name":"wp","href":"https:\/\/api.w.org\/{rel}","templated":true}]}}