{"id":11807,"date":"2023-03-14T09:29:38","date_gmt":"2023-03-14T09:29:38","guid":{"rendered":"https:\/\/rrtaxandlegal.futuretechlead.com\/sergio-russo\/"},"modified":"2023-03-20T11:44:09","modified_gmt":"2023-03-20T11:44:09","slug":"sergio-russo","status":"publish","type":"page","link":"https:\/\/rrtaxandlegal.com\/es\/sergio-russo\/","title":{"rendered":"Sergio Russo"},"content":{"rendered":"\t\t<div data-elementor-type=\"wp-page\" data-elementor-id=\"11807\" class=\"elementor elementor-11807 elementor-11525\">\n\t\t\t\t\t\t\t\t\t<section class=\"elementor-section elementor-top-section elementor-element elementor-element-606e6fe elementor-section-boxed elementor-section-height-default elementor-section-height-default qodef-elementor-content-no\" data-id=\"606e6fe\" data-element_type=\"section\" data-settings=\"{&quot;_ha_eqh_enable&quot;:false}\">\n\t\t\t\t\t\t<div class=\"elementor-container elementor-column-gap-default\">\n\t\t\t\t\t<div class=\"elementor-column elementor-col-100 elementor-top-column elementor-element elementor-element-f88ff36\" data-id=\"f88ff36\" data-element_type=\"column\">\n\t\t\t<div class=\"elementor-widget-wrap elementor-element-populated\">\n\t\t\t\t\t\t\t\t<section class=\"elementor-section elementor-inner-section elementor-element elementor-element-526adab elementor-section-boxed elementor-section-height-default elementor-section-height-default qodef-elementor-content-no\" data-id=\"526adab\" data-element_type=\"section\" data-settings=\"{&quot;_ha_eqh_enable&quot;:false}\">\n\t\t\t\t\t\t<div class=\"elementor-container elementor-column-gap-default\">\n\t\t\t\t\t<div class=\"elementor-column elementor-col-50 elementor-inner-column elementor-element elementor-element-b817946\" data-id=\"b817946\" data-element_type=\"column\">\n\t\t\t<div class=\"elementor-widget-wrap elementor-element-populated\">\n\t\t\t\t\t\t\t\t<div class=\"elementor-element elementor-element-5657b35 elementor-widget__width-auto elementor-widget elementor-widget-image\" data-id=\"5657b35\" data-element_type=\"widget\" data-widget_type=\"image.default\">\n\t\t\t\t<div class=\"elementor-widget-container\">\n\t\t\t<style>\/*! elementor - v3.13.1 - 09-05-2023 *\/\n.elementor-widget-image{text-align:center}.elementor-widget-image a{display:inline-block}.elementor-widget-image a img[src$=\".svg\"]{width:48px}.elementor-widget-image img{vertical-align:middle;display:inline-block}<\/style>\t\t\t\t\t\t\t\t\t\t\t\t<img loading=\"lazy\" decoding=\"async\" width=\"512\" height=\"512\" src=\"https:\/\/rrtaxandlegal.com\/wp-content\/uploads\/2023\/02\/sergio.jpg\" class=\"attachment-large size-large wp-image-11323\" alt=\"\" srcset=\"https:\/\/rrtaxandlegal.com\/wp-content\/uploads\/2023\/02\/sergio.jpg 512w, https:\/\/rrtaxandlegal.com\/wp-content\/uploads\/2023\/02\/sergio-300x300.jpg 300w, https:\/\/rrtaxandlegal.com\/wp-content\/uploads\/2023\/02\/sergio-150x150.jpg 150w, https:\/\/rrtaxandlegal.com\/wp-content\/uploads\/2023\/02\/sergio-100x100.jpg 100w\" sizes=\"auto, (max-width: 512px) 100vw, 512px\" \/>\t\t\t\t\t\t\t\t\t\t\t\t\t\t\t<\/div>\n\t\t\t\t<\/div>\n\t\t\t\t\t<\/div>\n\t\t<\/div>\n\t\t\t\t<div class=\"elementor-column elementor-col-50 elementor-inner-column elementor-element elementor-element-eaf3f7e\" data-id=\"eaf3f7e\" data-element_type=\"column\">\n\t\t\t<div class=\"elementor-widget-wrap elementor-element-populated\">\n\t\t\t\t\t\t\t\t<div class=\"elementor-element elementor-element-4bcf032 elementor-widget__width-inherit elementor-widget elementor-widget-heading\" data-id=\"4bcf032\" data-element_type=\"widget\" data-widget_type=\"heading.default\">\n\t\t\t\t<div class=\"elementor-widget-container\">\n\t\t\t<style>\/*! elementor - v3.13.1 - 09-05-2023 *\/\n.elementor-heading-title{padding:0;margin:0;line-height:1}.elementor-widget-heading .elementor-heading-title[class*=elementor-size-]>a{color:inherit;font-size:inherit;line-height:inherit}.elementor-widget-heading .elementor-heading-title.elementor-size-small{font-size:15px}.elementor-widget-heading .elementor-heading-title.elementor-size-medium{font-size:19px}.elementor-widget-heading .elementor-heading-title.elementor-size-large{font-size:29px}.elementor-widget-heading .elementor-heading-title.elementor-size-xl{font-size:39px}.elementor-widget-heading .elementor-heading-title.elementor-size-xxl{font-size:59px}<\/style><h4 class=\"elementor-heading-title elementor-size-default\">Contacto<\/h4>\t\t<\/div>\n\t\t\t\t<\/div>\n\t\t\t\t<div class=\"elementor-element elementor-element-2f24e52 elementor-widget elementor-widget-qi_addons_for_elementor_contact_form_7\" data-id=\"2f24e52\" data-element_type=\"widget\" data-widget_type=\"qi_addons_for_elementor_contact_form_7.default\">\n\t\t\t\t<div class=\"elementor-widget-container\">\n\t\t\t<div class=\"qodef-shortcode qodef-m sergio-russo-form qodef-qi-contact-form-7 \">\n\t\n<div class=\"wpcf7 no-js\" id=\"wpcf7-f11667-o1\" lang=\"it-IT\" dir=\"ltr\">\n<div class=\"screen-reader-response\"><p role=\"status\" aria-live=\"polite\" aria-atomic=\"true\"><\/p> <ul><\/ul><\/div>\n<form action=\"\/es\/wp-json\/wp\/v2\/pages\/11807#wpcf7-f11667-o1\" method=\"post\" class=\"wpcf7-form init cf7mls-no-scroll cf7mls-no-moving-animation\" aria-label=\"Modulo di contatto\" novalidate=\"novalidate\" data-status=\"init\">\n<div style=\"display: none;\">\n<input type=\"hidden\" name=\"_wpcf7\" value=\"11667\" \/>\n<input type=\"hidden\" name=\"_wpcf7_version\" value=\"5.8.1\" \/>\n<input type=\"hidden\" name=\"_wpcf7_locale\" value=\"it_IT\" \/>\n<input type=\"hidden\" name=\"_wpcf7_unit_tag\" value=\"wpcf7-f11667-o1\" \/>\n<input type=\"hidden\" name=\"_wpcf7_container_post\" value=\"0\" \/>\n<input type=\"hidden\" name=\"_wpcf7_posted_data_hash\" value=\"\" \/>\n<\/div>\n<label> Email\n    <span class=\"wpcf7-form-control-wrap\" data-name=\"your-email\"><input size=\"40\" class=\"wpcf7-form-control wpcf7-email wpcf7-validates-as-required wpcf7-text wpcf7-validates-as-email\" autocomplete=\"email\" aria-required=\"true\" aria-invalid=\"false\" value=\"\" type=\"email\" name=\"your-email\" \/><\/span> <\/label>\n\n<label> Messaggio\n    <span class=\"wpcf7-form-control-wrap\" data-name=\"your-message\"><textarea cols=\"40\" rows=\"3\" class=\"wpcf7-form-control wpcf7-textarea\" aria-invalid=\"false\" name=\"your-message\"><\/textarea><\/span> <\/label>\n\n<button class=\"wpcf7-form-control wpcf7-submit qodef-button qodef-size--normal qodef-m\" type=\"submit\"><span class=\"qodef-m-text\">Invia<\/span><\/button><div class=\"wpcf7-response-output\" aria-hidden=\"true\"><\/div>\n<\/form>\n<\/div>\n<\/div>\n\t\t<\/div>\n\t\t\t\t<\/div>\n\t\t\t\t\t<\/div>\n\t\t<\/div>\n\t\t\t\t\t\t\t<\/div>\n\t\t<\/section>\n\t\t\t\t<div class=\"elementor-element elementor-element-8542869 elementor-widget elementor-widget-heading\" data-id=\"8542869\" data-element_type=\"widget\" data-widget_type=\"heading.default\">\n\t\t\t\t<div class=\"elementor-widget-container\">\n\t\t\t<h2 class=\"elementor-heading-title elementor-size-default\">Sergio Russo<\/h2>\t\t<\/div>\n\t\t\t\t<\/div>\n\t\t\t\t<div class=\"elementor-element elementor-element-ed9b62c elementor-widget elementor-widget-halstein_core_icon_list_item\" data-id=\"ed9b62c\" data-element_type=\"widget\" data-widget_type=\"halstein_core_icon_list_item.default\">\n\t\t\t\t<div class=\"elementor-widget-container\">\n\t\t\t<div class=\"qodef-icon-list-item qodef-icon--icon-pack\" >\n\t<p class=\"qodef-e-title\" >\n\t\t\t\t\t<a itemprop=\"url\" href=\"https:\/\/rrtaxandlegal.com\/wp-content\/uploads\/2023\/02\/Sergio_Russo_cv.pdf\" target=\"_blank\">\n\t\t\t\t\t<span class=\"qodef-e-title-inner\">\n\t\t\t\t<span class=\"qodef-shortcode qodef-m  qodef-icon-holder  qodef-layout--normal\"  >\t\t\t<span class=\"qodef-icon-elegant-icons icon_document qodef-icon qodef-e\" style=\"color: #DAAE63;font-size: 20px\" ><\/span>\t<\/span>\t\t\t\t<span class=\"qodef-e-title-text\">Curriculum vitae<\/span>\n\t\t\t<\/span>\n\t\t\t\t\t<\/a>\n\t\t\t<\/p>\n<\/div>\n\t\t<\/div>\n\t\t\t\t<\/div>\n\t\t\t\t<div class=\"elementor-element elementor-element-8c57d58 elementor-widget elementor-widget-text-editor\" data-id=\"8c57d58\" data-element_type=\"widget\" data-widget_type=\"text-editor.default\">\n\t\t\t\t<div class=\"elementor-widget-container\">\n\t\t\t<style>\/*! elementor - v3.13.1 - 09-05-2023 *\/\n.elementor-widget-text-editor.elementor-drop-cap-view-stacked .elementor-drop-cap{background-color:#69727d;color:#fff}.elementor-widget-text-editor.elementor-drop-cap-view-framed .elementor-drop-cap{color:#69727d;border:3px solid;background-color:transparent}.elementor-widget-text-editor:not(.elementor-drop-cap-view-default) .elementor-drop-cap{margin-top:8px}.elementor-widget-text-editor:not(.elementor-drop-cap-view-default) .elementor-drop-cap-letter{width:1em;height:1em}.elementor-widget-text-editor .elementor-drop-cap{float:left;text-align:center;line-height:1;font-size:50px}.elementor-widget-text-editor .elementor-drop-cap-letter{display:inline-block}<\/style>\t\t\t\t<p>Ejercicio de la abogac\u00eda civil desde 1990<\/p>\n<p><strong>\u00c1mbito de actividad:<\/strong><br \/>Desde mayo de 1995 hasta la actualidad, ha prestado y sigue prestando asistencia jur\u00eddica a la Oficina de Bienes del Estado, a la Agencia Nacional de Administraci\u00f3n y Destrucci\u00f3n de Bienes Incautados y Confiscados a la Delincuencia Organizada (ANBSC) y a diversos administradores e<br \/>From May 1995 to the present day, he has acted and continues to act as legal counsel for the State Property Office, the National Agency for the Administration and Destruction of Assets Seized and Confiscated from Organised Crime (ANBSC) and for various Judicial Administrators and Custodians on behalf of the Prevention Measures Section of the Courts of Palermo, Caltanissetta and Trapani, as well as on behalf of the GIPs at the Courts of Palermo, Trapani and Marsala, availing himself of the complex structure of his own firm with the collaboration of Vito Longo, Francesco Maccarone and Stefania Pizzuto, also experts in the sector, and of chartered accountants Roberto Di Salvo, Luca Orlando, Salvatore Scamarda, as well as, for the typically legal aspects, of the lawyers Roberto Di Salvo, Luca Orlando, Salvatore Scamarda. Vito Longo, Francesco Maccarone y Stefania Pizzuto, tambi\u00e9n expertos en la materia, y de los censores jurados de cuentas Roberto Di Salvo, Luca Orlando, Salvatore Scamarda, as\u00ed como, para los aspectos t\u00edpicamente societarios, del asesoramiento de Not. Enrico Maccarone.<\/p>\n<p>Desde 1995 hasta la actualidad, ha coordinado, dirigido y supervisado procedimientos judiciales, tambi\u00e9n como liquidador, en varias empresas confiscadas y p\u00fablicas.<br \/>Desde 1990 hasta la actualidad, presta asistencia jur\u00eddica gratuita a menores y mujeres v\u00edctimas de abusos y malos tratos, presentando una declaraci\u00f3n de gratuidad ante el Colegio de Abogados de Palermo.<br \/>Desde el a\u00f1o 2000, a ra\u00edz de sus numerosos nombramientos institucionales en el \u00e1mbito del derecho de menores, declar\u00f3 ante el Colegio de Abogados de Palermo su incompatibilidad con la actividad jur\u00eddico procesal en este \u00e1mbito, continuando prestando \u00fanicamente servicios gratuitos de asesoramiento.<\/p>\n<p>Desde 2012 hasta la actualidad, ha prestado sus servicios profesionales a favor de las empresas participadas por la Administraci\u00f3n Municipal de Palermo y, en concreto, desde el 26 de marzo de 2013 hasta el 1 de septiembre de 2014, se le encomend\u00f3 por parte de GESIP Palermo S.p.A. en liquidaci\u00f3n la tarea de auditar, reorganizar y gestionar los litigios existentes y emergentes, as\u00ed como prestar asistencia y asesoramiento profesional en relaci\u00f3n con los asuntos judiciales y extrajudiciales existentes y emergentes, con el fin de optimizar la consecuci\u00f3n de los objetivos de la liquidaci\u00f3n.<\/p>\n<p>Desde 2012 hasta la actualidad, forma parte de la lista de abogados defensores de AMAP S.p.A. y ha prestado sus servicios profesionales en procedimientos iniciados por la empresa.<br \/>Desde el 1\/4\/2015, es Presidente del \u00d3rgano de Vigilancia y Control de RAP S.p.A., empresa de recogida de residuos propiedad al 100% del Ayuntamiento de Palermo.<br \/>Desde el 12 de febrero de 2015, est\u00e1 inscrito en la lista regional de liquidadores de cooperativas y sus consorcios que operan en Sicilia.<\/p>\n\t\t\t\t\t\t<\/div>\n\t\t\t\t<\/div>\n\t\t\t\t\t<\/div>\n\t\t<\/div>\n\t\t\t\t\t\t\t<\/div>\n\t\t<\/section>\n\t\t\t\t\t\t\t<\/div>\n\t\t","protected":false},"excerpt":{"rendered":"<p>Contacto Email Messaggio Invia Sergio Russo Curriculum vitae Ejercicio de la abogac\u00eda civil desde 1990 \u00c1mbito de actividad:Desde mayo de 1995 hasta la actualidad, ha prestado y sigue prestando asistencia jur\u00eddica a la Oficina de Bienes del Estado, a la Agencia Nacional de Administraci\u00f3n y Destrucci\u00f3n de Bienes Incautados y Confiscados a la Delincuencia Organizada [&hellip;]<\/p>\n","protected":false},"author":1,"featured_media":0,"parent":0,"menu_order":0,"comment_status":"closed","ping_status":"closed","template":"","meta":{"footnotes":""},"class_list":["post-11807","page","type-page","status-publish","hentry"],"yoast_head":"<!-- This site is optimized with the Yoast SEO plugin v21.7 - https:\/\/yoast.com\/wordpress\/plugins\/seo\/ -->\n<title>Sergio Russo - R&amp;R - Studio Legale Tributario<\/title>\n<meta name=\"robots\" content=\"index, follow, max-snippet:-1, max-image-preview:large, max-video-preview:-1\" \/>\n<link rel=\"canonical\" href=\"https:\/\/rrtaxandlegal.com\/sergio-russo\/\" \/>\n<meta property=\"og:locale\" content=\"es_ES\" \/>\n<meta property=\"og:type\" content=\"article\" \/>\n<meta property=\"og:title\" content=\"Sergio Russo - R&amp;R - Studio Legale Tributario\" \/>\n<meta property=\"og:description\" content=\"Contacto Email Messaggio Invia Sergio Russo Curriculum vitae Ejercicio de la abogac\u00eda civil desde 1990 \u00c1mbito de actividad:Desde mayo de 1995 hasta la actualidad, ha prestado y sigue prestando asistencia jur\u00eddica a la Oficina de Bienes del Estado, a la Agencia Nacional de Administraci\u00f3n y Destrucci\u00f3n de Bienes Incautados y Confiscados a la Delincuencia Organizada [&hellip;]\" \/>\n<meta property=\"og:url\" content=\"https:\/\/rrtaxandlegal.com\/sergio-russo\/\" \/>\n<meta property=\"og:site_name\" content=\"R&amp;R - Studio Legale Tributario\" \/>\n<meta property=\"article:modified_time\" content=\"2023-03-20T11:44:09+00:00\" \/>\n<meta property=\"og:image\" content=\"https:\/\/rrtaxandlegal.com\/wp-content\/uploads\/2023\/02\/sergio.jpg\" \/>\n<meta name=\"twitter:card\" content=\"summary_large_image\" \/>\n<meta name=\"twitter:label1\" content=\"Tiempo de lectura\" \/>\n\t<meta name=\"twitter:data1\" content=\"3 minutos\" \/>\n<script type=\"application\/ld+json\" class=\"yoast-schema-graph\">{\"@context\":\"https:\/\/schema.org\",\"@graph\":[{\"@type\":\"WebPage\",\"@id\":\"https:\/\/rrtaxandlegal.com\/sergio-russo\/\",\"url\":\"https:\/\/rrtaxandlegal.com\/sergio-russo\/\",\"name\":\"Sergio Russo - R&amp;R - Studio Legale Tributario\",\"isPartOf\":{\"@id\":\"https:\/\/rrtaxandlegal.com\/#website\"},\"datePublished\":\"2023-03-14T09:29:38+00:00\",\"dateModified\":\"2023-03-20T11:44:09+00:00\",\"breadcrumb\":{\"@id\":\"https:\/\/rrtaxandlegal.com\/sergio-russo\/#breadcrumb\"},\"inLanguage\":\"es\",\"potentialAction\":[{\"@type\":\"ReadAction\",\"target\":[\"https:\/\/rrtaxandlegal.com\/sergio-russo\/\"]}]},{\"@type\":\"BreadcrumbList\",\"@id\":\"https:\/\/rrtaxandlegal.com\/sergio-russo\/#breadcrumb\",\"itemListElement\":[{\"@type\":\"ListItem\",\"position\":1,\"name\":\"Home\",\"item\":\"https:\/\/rrtaxandlegal.com\/\"},{\"@type\":\"ListItem\",\"position\":2,\"name\":\"Sergio Russo\"}]},{\"@type\":\"WebSite\",\"@id\":\"https:\/\/rrtaxandlegal.com\/#website\",\"url\":\"https:\/\/rrtaxandlegal.com\/\",\"name\":\"R&amp;R - Studio Legale Tributario\",\"description\":\"Avvocati Massimiliano e Sergio Russo\",\"publisher\":{\"@id\":\"https:\/\/rrtaxandlegal.com\/#organization\"},\"potentialAction\":[{\"@type\":\"SearchAction\",\"target\":{\"@type\":\"EntryPoint\",\"urlTemplate\":\"https:\/\/rrtaxandlegal.com\/?s={search_term_string}\"},\"query-input\":\"required name=search_term_string\"}],\"inLanguage\":\"es\"},{\"@type\":\"Organization\",\"@id\":\"https:\/\/rrtaxandlegal.com\/#organization\",\"name\":\"R&amp;R - Studio Legale Tributario\",\"url\":\"https:\/\/rrtaxandlegal.com\/\",\"logo\":{\"@type\":\"ImageObject\",\"inLanguage\":\"es\",\"@id\":\"https:\/\/rrtaxandlegal.com\/#\/schema\/logo\/image\/\",\"url\":\"https:\/\/rrtaxandlegal.com\/wp-content\/uploads\/2023\/03\/cropped-logo-blu_1@300x-8.png\",\"contentUrl\":\"https:\/\/rrtaxandlegal.com\/wp-content\/uploads\/2023\/03\/cropped-logo-blu_1@300x-8.png\",\"width\":301,\"height\":60,\"caption\":\"R&amp;R - Studio Legale Tributario\"},\"image\":{\"@id\":\"https:\/\/rrtaxandlegal.com\/#\/schema\/logo\/image\/\"}}]}<\/script>\n<!-- \/ Yoast SEO plugin. -->","yoast_head_json":{"title":"Sergio Russo - R&amp;R - Studio Legale Tributario","robots":{"index":"index","follow":"follow","max-snippet":"max-snippet:-1","max-image-preview":"max-image-preview:large","max-video-preview":"max-video-preview:-1"},"canonical":"https:\/\/rrtaxandlegal.com\/sergio-russo\/","og_locale":"es_ES","og_type":"article","og_title":"Sergio Russo - R&amp;R - Studio Legale Tributario","og_description":"Contacto Email Messaggio Invia Sergio Russo Curriculum vitae Ejercicio de la abogac\u00eda civil desde 1990 \u00c1mbito de actividad:Desde mayo de 1995 hasta la actualidad, ha prestado y sigue prestando asistencia jur\u00eddica a la Oficina de Bienes del Estado, a la Agencia Nacional de Administraci\u00f3n y Destrucci\u00f3n de Bienes Incautados y Confiscados a la Delincuencia Organizada [&hellip;]","og_url":"https:\/\/rrtaxandlegal.com\/sergio-russo\/","og_site_name":"R&amp;R - Studio Legale Tributario","article_modified_time":"2023-03-20T11:44:09+00:00","og_image":[{"url":"https:\/\/rrtaxandlegal.com\/wp-content\/uploads\/2023\/02\/sergio.jpg"}],"twitter_card":"summary_large_image","twitter_misc":{"Tiempo de lectura":"3 minutos"},"schema":{"@context":"https:\/\/schema.org","@graph":[{"@type":"WebPage","@id":"https:\/\/rrtaxandlegal.com\/sergio-russo\/","url":"https:\/\/rrtaxandlegal.com\/sergio-russo\/","name":"Sergio Russo - R&amp;R - Studio Legale Tributario","isPartOf":{"@id":"https:\/\/rrtaxandlegal.com\/#website"},"datePublished":"2023-03-14T09:29:38+00:00","dateModified":"2023-03-20T11:44:09+00:00","breadcrumb":{"@id":"https:\/\/rrtaxandlegal.com\/sergio-russo\/#breadcrumb"},"inLanguage":"es","potentialAction":[{"@type":"ReadAction","target":["https:\/\/rrtaxandlegal.com\/sergio-russo\/"]}]},{"@type":"BreadcrumbList","@id":"https:\/\/rrtaxandlegal.com\/sergio-russo\/#breadcrumb","itemListElement":[{"@type":"ListItem","position":1,"name":"Home","item":"https:\/\/rrtaxandlegal.com\/"},{"@type":"ListItem","position":2,"name":"Sergio Russo"}]},{"@type":"WebSite","@id":"https:\/\/rrtaxandlegal.com\/#website","url":"https:\/\/rrtaxandlegal.com\/","name":"R&amp;R - Studio Legale Tributario","description":"Avvocati Massimiliano e Sergio Russo","publisher":{"@id":"https:\/\/rrtaxandlegal.com\/#organization"},"potentialAction":[{"@type":"SearchAction","target":{"@type":"EntryPoint","urlTemplate":"https:\/\/rrtaxandlegal.com\/?s={search_term_string}"},"query-input":"required name=search_term_string"}],"inLanguage":"es"},{"@type":"Organization","@id":"https:\/\/rrtaxandlegal.com\/#organization","name":"R&amp;R - Studio Legale Tributario","url":"https:\/\/rrtaxandlegal.com\/","logo":{"@type":"ImageObject","inLanguage":"es","@id":"https:\/\/rrtaxandlegal.com\/#\/schema\/logo\/image\/","url":"https:\/\/rrtaxandlegal.com\/wp-content\/uploads\/2023\/03\/cropped-logo-blu_1@300x-8.png","contentUrl":"https:\/\/rrtaxandlegal.com\/wp-content\/uploads\/2023\/03\/cropped-logo-blu_1@300x-8.png","width":301,"height":60,"caption":"R&amp;R - Studio Legale Tributario"},"image":{"@id":"https:\/\/rrtaxandlegal.com\/#\/schema\/logo\/image\/"}}]}},"_links":{"self":[{"href":"https:\/\/rrtaxandlegal.com\/es\/wp-json\/wp\/v2\/pages\/11807","targetHints":{"allow":["GET"]}}],"collection":[{"href":"https:\/\/rrtaxandlegal.com\/es\/wp-json\/wp\/v2\/pages"}],"about":[{"href":"https:\/\/rrtaxandlegal.com\/es\/wp-json\/wp\/v2\/types\/page"}],"author":[{"embeddable":true,"href":"https:\/\/rrtaxandlegal.com\/es\/wp-json\/wp\/v2\/users\/1"}],"replies":[{"embeddable":true,"href":"https:\/\/rrtaxandlegal.com\/es\/wp-json\/wp\/v2\/comments?post=11807"}],"version-history":[{"count":6,"href":"https:\/\/rrtaxandlegal.com\/es\/wp-json\/wp\/v2\/pages\/11807\/revisions"}],"predecessor-version":[{"id":11817,"href":"https:\/\/rrtaxandlegal.com\/es\/wp-json\/wp\/v2\/pages\/11807\/revisions\/11817"}],"wp:attachment":[{"href":"https:\/\/rrtaxandlegal.com\/es\/wp-json\/wp\/v2\/media?parent=11807"}],"curies":[{"name":"wp","href":"https:\/\/api.w.org\/{rel}","templated":true}]}}