{"id":11795,"date":"2021-10-06T10:04:25","date_gmt":"2021-10-06T10:04:25","guid":{"rendered":"https:\/\/rrtaxandlegal.futuretechlead.com\/home\/"},"modified":"2023-03-20T13:54:10","modified_gmt":"2023-03-20T13:54:10","slug":"home","status":"publish","type":"page","link":"https:\/\/rrtaxandlegal.com\/es\/","title":{"rendered":"Home"},"content":{"rendered":"\n\t\t\t<!-- START Vertical Slider REVOLUTION SLIDER 6.6.10 --><p class=\"rs-p-wp-fix\"><\/p>\n\t\t\t<rs-module-wrap id=\"rev_slider_5_1_wrapper\" data-source=\"gallery\" style=\"visibility:hidden;background:#14203b;padding:0;\">\n\t\t\t\t<rs-module id=\"rev_slider_5_1\" style=\"\" data-version=\"6.6.10\">\n\t\t\t\t\t<rs-slides style=\"overflow: hidden; position: absolute;\">\n\t\t\t\t\t\t<rs-slide style=\"position: absolute;\" data-key=\"rs-48\" data-title=\"Slide\" data-duration=\"17000ms\" data-anim=\"ms:1990;\" data-in=\"o:0;\" data-out=\"a:false;\">\n\t\t\t\t\t\t\t<img decoding=\"async\" src=\"\/\/rrtaxandlegal.com\/wp-content\/plugins\/revslider\/public\/assets\/assets\/dummy.png\" alt=\"Slide\" title=\"Home\" class=\"rev-slidebg tp-rs-img rs-lazyload\" data-lazyload=\"\/\/rrtaxandlegal.com\/wp-content\/plugins\/revslider\/public\/assets\/assets\/transparent.png\" data-no-retina>\n<!--\n\t\t\t\t\t\t\t--><rs-layer\n\t\t\t\t\t\t\t\tid=\"slider-5-slide-48-layer-1\" \n\t\t\t\t\t\t\t\tdata-type=\"text\"\n\t\t\t\t\t\t\t\tdata-xy=\"xo:173px,20px,22px,8px;y:b;yo:170px,140px,239px,189px;\"\n\t\t\t\t\t\t\t\tdata-text=\"w:normal;s:25,18,21,14;l:36,27,31,22;\"\n\t\t\t\t\t\t\t\tdata-frame_999=\"o:0;st:w;sR:14700;\"\n\t\t\t\t\t\t\t\tstyle=\"z-index:14;font-family:'Marcellus';\"\n\t\t\t\t\t\t\t>ROMA \n\t\t\t\t\t\t\t<\/rs-layer><!--\n\n\t\t\t\t\t\t\t--><rs-layer\n\t\t\t\t\t\t\t\tid=\"slider-5-slide-48-layer-5\" \n\t\t\t\t\t\t\t\tdata-type=\"text\"\n\t\t\t\t\t\t\t\tdata-xy=\"xo:445px,212px,300px,161px;y:b;yo:170px,140px,234px,189px;\"\n\t\t\t\t\t\t\t\tdata-text=\"w:normal;s:25,18,21,14;l:36,27,31,22;\"\n\t\t\t\t\t\t\t\tdata-frame_999=\"o:0;st:w;sR:14700;\"\n\t\t\t\t\t\t\t\tstyle=\"z-index:13;font-family:'Marcellus';\"\n\t\t\t\t\t\t\t>MILANO \n\t\t\t\t\t\t\t<\/rs-layer><!--\n\n\t\t\t\t\t\t\t--><rs-layer\n\t\t\t\t\t\t\t\tid=\"slider-5-slide-48-layer-6\" \n\t\t\t\t\t\t\t\tdata-type=\"text\"\n\t\t\t\t\t\t\t\tdata-xy=\"xo:50px,19px,18px,8px;y:m,m,m,t;yo:197px,72px,87px,368px;\"\n\t\t\t\t\t\t\t\tdata-text=\"w:normal;s:67,37,44,24;l:37,20,25,14;\"\n\t\t\t\t\t\t\t\tdata-frame_999=\"o:0;st:w;sR:14700;\"\n\t\t\t\t\t\t\t\tstyle=\"z-index:7;font-family:'Marcellus';\"\n\t\t\t\t\t\t\t>Sedes \n\t\t\t\t\t\t\t<\/rs-layer><!--\n\n\t\t\t\t\t\t\t--><rs-layer\n\t\t\t\t\t\t\t\tid=\"slider-5-slide-48-layer-7\" \n\t\t\t\t\t\t\t\tdata-type=\"text\"\n\t\t\t\t\t\t\t\tdata-xy=\"xo:50px,15px,18px,13px;y:m,t,t,t;yo:-127px,47px,141px,38px;\"\n\t\t\t\t\t\t\t\tdata-text=\"w:normal;s:35,24,20,19;l:39,26,23,24;\"\n\t\t\t\t\t\t\t\tdata-dim=\"w:666,441,327,313;\"\n\t\t\t\t\t\t\t\tdata-rsp_o=\"off\"\n\t\t\t\t\t\t\t\tdata-frame_0=\"y:100%;\"\n\t\t\t\t\t\t\t\tdata-frame_0_mask=\"u:t;\"\n\t\t\t\t\t\t\t\tdata-frame_1=\"sp:1640;\"\n\t\t\t\t\t\t\t\tdata-frame_1_mask=\"u:t;\"\n\t\t\t\t\t\t\t\tdata-frame_999=\"o:0;st:w;sR:13360;\"\n\t\t\t\t\t\t\t\tstyle=\"z-index:6;font-family:'Marcellus';\"\n\t\t\t\t\t\t\t>R&R Studio Legale e Tributario es una asociaci\u00f3n profesional fundada por los abogados <span style=\"color: #b29063\">Massimiliano Russo<\/span> y <span style=\"color: #b29063\">Sergio Russo<\/span> y cuenta con el trabajo de aproximadamente 20 profesionales en sus oficinas de Roma, Mil\u00e1n y Palermo. \n\t\t\t\t\t\t\t<\/rs-layer><!--\n\n\t\t\t\t\t\t\t--><rs-layer\n\t\t\t\t\t\t\t\tid=\"slider-5-slide-48-layer-8\" \n\t\t\t\t\t\t\t\tdata-type=\"text\"\n\t\t\t\t\t\t\t\tdata-xy=\"xo:50px,406px,390px,13px;y:b;yo:327px,222px,526px,360px;\"\n\t\t\t\t\t\t\t\tdata-text=\"w:normal;s:20,15,6,6;l:25,18,7,10;\"\n\t\t\t\t\t\t\t\tdata-dim=\"w:583px,437px,182px,216px;\"\n\t\t\t\t\t\t\t\tdata-rsp_o=\"off\"\n\t\t\t\t\t\t\t\tdata-frame_0=\"x:0,0,0,0px;y:100%;\"\n\t\t\t\t\t\t\t\tdata-frame_0_mask=\"u:t;x:0,0,0,0px;y:0,0,0,0px;\"\n\t\t\t\t\t\t\t\tdata-frame_1=\"x:0,0,0,0px;y:0,0,0,0px;sp:1760;\"\n\t\t\t\t\t\t\t\tdata-frame_1_mask=\"u:t;x:0,0,0,0px;y:0,0,0,0px;\"\n\t\t\t\t\t\t\t\tdata-frame_999=\"o:0;st:w;sR:13240;\"\n\t\t\t\t\t\t\t\tstyle=\"z-index:9;font-family:'Roboto';\"\n\t\t\t\t\t\t\t><a class=\"qodef-shortcode qodef-m  qodef-button qodef-layout--textual  qodef-html--link \" href=\"https:\/\/rrtaxandlegal.com\/es\/professionisti\/\" target=\"_self\"  style=\"color: #FFFFFF\">\n\t<span class=\"qodef-m-text\">M\u00e1s informaci\u00f3n<\/span>\n\t<span class=\"qodef-m-icon\"><svg class=\"qodef-svg--button-arrow\" xmlns=\"http:\/\/www.w3.org\/2000\/svg\"\n     xmlns:xlink=\"http:\/\/www.w3.org\/1999\/xlink\" x=\"0px\" y=\"0px\" width=\"17\"\n     viewBox=\"0 0 17 20\" style=\"enable-background:new 0 0 17 20;\" xml:space=\"preserve\"><polyline class=\"qodef-m-arrow\" points=\"7.1,3.9 13,9.8 7.1,15.9 \"\/><rect class=\"qodef-m-line\"  width=\"1\" height=\"20\"\/><\/svg><\/span>\n<\/a>\n \n\t\t\t\t\t\t\t<\/rs-layer><!--\n\n\t\t\t\t\t\t\t--><rs-layer\n\t\t\t\t\t\t\t\tid=\"slider-5-slide-48-layer-9\" \n\t\t\t\t\t\t\t\tdata-type=\"shape\"\n\t\t\t\t\t\t\t\tdata-xy=\"x:c,c,l,l;xo:16px,127px,307px,307px;y:b,m,m,m;yo:297px,-47px,85px,85px;\"\n\t\t\t\t\t\t\t\tdata-text=\"w:normal;\"\n\t\t\t\t\t\t\t\tdata-dim=\"w:1px;h:175px,175px,530px,530px;\"\n\t\t\t\t\t\t\t\tdata-vbility=\"t,t,f,f\"\n\t\t\t\t\t\t\t\tdata-basealign=\"slide\"\n\t\t\t\t\t\t\t\tdata-rsp_o=\"off\"\n\t\t\t\t\t\t\t\tdata-rsp_bd=\"off\"\n\t\t\t\t\t\t\t\tdata-frame_0=\"o:1;\"\n\t\t\t\t\t\t\t\tdata-frame_1=\"st:250;sR:250;\"\n\t\t\t\t\t\t\t\tdata-frame_999=\"o:0;st:w;sR:14450;\"\n\t\t\t\t\t\t\t\tstyle=\"z-index:11;background-color:rgba(96,106,126,0.5);\"\n\t\t\t\t\t\t\t> \n\t\t\t\t\t\t\t<\/rs-layer><!--\n\n\t\t\t\t\t\t\t--><rs-layer\n\t\t\t\t\t\t\t\tid=\"slider-5-slide-48-layer-10\" \n\t\t\t\t\t\t\t\tdata-type=\"text\"\n\t\t\t\t\t\t\t\tdata-xy=\"x:c,r,r,c;xo:390px,95px,39px,0;y:m;yo:68px,-70px,-1px,2px;\"\n\t\t\t\t\t\t\t\tdata-text=\"w:normal;s:23,15,15,14;l:38,25,25,15;fw:300;\"\n\t\t\t\t\t\t\t\tdata-dim=\"w:704,398px,363px,330px;h:157,auto,auto,92px;\"\n\t\t\t\t\t\t\t\tdata-frame_0=\"y:100%;\"\n\t\t\t\t\t\t\t\tdata-frame_0_mask=\"u:t;\"\n\t\t\t\t\t\t\t\tdata-frame_1=\"sp:1870;\"\n\t\t\t\t\t\t\t\tdata-frame_1_mask=\"u:t;\"\n\t\t\t\t\t\t\t\tdata-frame_999=\"o:0;st:w;sR:13130;\"\n\t\t\t\t\t\t\t\tstyle=\"z-index:10;font-family:'Montserrat';\"\n\t\t\t\t\t\t\t>El estudio se centra en las siguientes \u00e1reas de asistencia jur\u00eddica: Societario, Fusiones y Adquisiciones, Capital Riesgo, Inmobiliario, Energ\u00edas Renovables, Banca y Finanzas, Procedimientos Concursales, Fiscal. \n\t\t\t\t\t\t\t<\/rs-layer><!--\n\n\t\t\t\t\t\t\t--><rs-layer\n\t\t\t\t\t\t\t\tid=\"slider-5-slide-48-layer-11\" \n\t\t\t\t\t\t\t\tdata-type=\"text\"\n\t\t\t\t\t\t\t\tdata-xy=\"xo:173px,20px,21px,8px;y:b;yo:120px,95px,193px,157px;\"\n\t\t\t\t\t\t\t\tdata-text=\"w:normal;s:15,12,11,11;l:25,20,18,13;\"\n\t\t\t\t\t\t\t\tdata-frame_0=\"x:0,0px,0px,0px;y:0,0px,0px,0px;\"\n\t\t\t\t\t\t\t\tdata-frame_1=\"x:0,0px,0px,0px;y:0,0px,0px,0px;\"\n\t\t\t\t\t\t\t\tdata-frame_999=\"o:0;st:w;sR:14700;\"\n\t\t\t\t\t\t\t\tstyle=\"z-index:17;font-family:'Marcellus SC';\"\n\t\t\t\t\t\t\t>Piazza delle Belle Arti 8, <br \/>00196 Roma (RM) - Italia \n\t\t\t\t\t\t\t<\/rs-layer><!--\n\n\t\t\t\t\t\t\t--><rs-layer\n\t\t\t\t\t\t\t\tid=\"slider-5-slide-48-layer-12\" \n\t\t\t\t\t\t\t\tdata-type=\"text\"\n\t\t\t\t\t\t\t\tdata-xy=\"xo:173px,20px,21px,8px;yo:787px,470px,618px,451px;\"\n\t\t\t\t\t\t\t\tdata-text=\"w:normal;s:15,12,11,11;l:25,20,18,13;\"\n\t\t\t\t\t\t\t\tdata-frame_0=\"x:0,0px,0px,0px;y:0,0px,0px,0px;\"\n\t\t\t\t\t\t\t\tdata-frame_1=\"x:0,0px,0px,0px;y:0,0px,0px,0px;\"\n\t\t\t\t\t\t\t\tdata-frame_999=\"o:0;st:w;sR:14700;\"\n\t\t\t\t\t\t\t\tstyle=\"z-index:18;font-family:'Marcellus SC';\"\n\t\t\t\t\t\t\t>Via Francesco Denza 20, <br \/>00197 Roma (RM) - Italia \n\t\t\t\t\t\t\t<\/rs-layer><!--\n\n\t\t\t\t\t\t\t--><rs-layer\n\t\t\t\t\t\t\t\tid=\"slider-5-slide-48-layer-13\" \n\t\t\t\t\t\t\t\tdata-type=\"text\"\n\t\t\t\t\t\t\t\tdata-xy=\"xo:445px,213px,300px,162px;y:b;yo:120px,95px,193px,136px;\"\n\t\t\t\t\t\t\t\tdata-text=\"w:normal;s:15,12,11,12;l:25,20,18,15;\"\n\t\t\t\t\t\t\t\tdata-dim=\"w:auto,auto,auto,120px;\"\n\t\t\t\t\t\t\t\tdata-frame_0=\"x:0,0px,0px,0px;y:0,0px,0px,0px;\"\n\t\t\t\t\t\t\t\tdata-frame_1=\"x:0,0px,0px,0px;y:0,0px,0px,0px;\"\n\t\t\t\t\t\t\t\tdata-frame_999=\"o:0;st:w;sR:14700;\"\n\t\t\t\t\t\t\t\tstyle=\"z-index:16;font-family:'Marcellus SC';\"\n\t\t\t\t\t\t\t>Via Larga, 19<br \/>\n20122 - Milano(MI) - Italia \n\t\t\t\t\t\t\t<\/rs-layer><!--\n\n\t\t\t\t\t\t\t--><rs-layer\n\t\t\t\t\t\t\t\tid=\"slider-5-slide-48-layer-14\" \n\t\t\t\t\t\t\t\tdata-type=\"text\"\n\t\t\t\t\t\t\t\tdata-xy=\"xo:717px,413px,23px,8px;y:b;yo:170px,140px,95px,95px;\"\n\t\t\t\t\t\t\t\tdata-text=\"w:normal;s:25,18,19,14;l:36,27,28,22;\"\n\t\t\t\t\t\t\t\tdata-frame_999=\"o:0;st:w;sR:14700;\"\n\t\t\t\t\t\t\t\tstyle=\"z-index:12;font-family:'Marcellus';\"\n\t\t\t\t\t\t\t>PALERMO \n\t\t\t\t\t\t\t<\/rs-layer><!--\n\n\t\t\t\t\t\t\t--><rs-layer\n\t\t\t\t\t\t\t\tid=\"slider-5-slide-48-layer-15\" \n\t\t\t\t\t\t\t\tdata-type=\"text\"\n\t\t\t\t\t\t\t\tdata-xy=\"xo:717px,413px,21px,8px;y:b;yo:120px,95px,53px,42px;\"\n\t\t\t\t\t\t\t\tdata-text=\"w:normal;s:15,12,11,11;l:21,16,15,13;\"\n\t\t\t\t\t\t\t\tdata-dim=\"w:auto,197px,201px,122px;\"\n\t\t\t\t\t\t\t\tdata-frame_999=\"o:0;st:w;sR:14700;\"\n\t\t\t\t\t\t\t\tstyle=\"z-index:19;font-family:'Marcellus SC';\"\n\t\t\t\t\t\t\t>Via Giuseppina Turrisi Colonna, 68<br \/>\n90141 - Palermo (PA) - Italia \n\t\t\t\t\t\t\t<\/rs-layer><!--\n\n\t\t\t\t\t\t\t--><rs-layer\n\t\t\t\t\t\t\t\tid=\"slider-5-slide-48-layer-16\" \n\t\t\t\t\t\t\t\tdata-type=\"text\"\n\t\t\t\t\t\t\t\tdata-xy=\"xo:1015px,655px,300px,164px;y:b;yo:170px,140px,95px,95px;\"\n\t\t\t\t\t\t\t\tdata-text=\"w:normal;s:25,18,18,14;l:44,33,32,25;\"\n\t\t\t\t\t\t\t\tdata-frame_999=\"o:0;st:w;sR:14700;\"\n\t\t\t\t\t\t\t\tstyle=\"z-index:8;font-family:'Marcellus';\"\n\t\t\t\t\t\t\t>MIAMI \n\t\t\t\t\t\t\t<\/rs-layer><!--\n\n\t\t\t\t\t\t\t--><rs-layer\n\t\t\t\t\t\t\t\tid=\"slider-5-slide-48-layer-17\" \n\t\t\t\t\t\t\t\tdata-type=\"text\"\n\t\t\t\t\t\t\t\tdata-xy=\"xo:1015px,655px,300px,164px;y:b;yo:120px,95px,53px,51px;\"\n\t\t\t\t\t\t\t\tdata-text=\"w:normal;s:15,12,11,11;l:25,20,19,13;\"\n\t\t\t\t\t\t\t\tdata-dim=\"w:auto,175px,177px,130px;\"\n\t\t\t\t\t\t\t\tdata-frame_0=\"x:0,0px,0px,0px;y:0,0px,0px,0px;\"\n\t\t\t\t\t\t\t\tdata-frame_1=\"x:0,0px,0px,0px;y:0,0px,0px,0px;\"\n\t\t\t\t\t\t\t\tdata-frame_999=\"o:0;st:w;sR:14700;\"\n\t\t\t\t\t\t\t\tstyle=\"z-index:15;font-family:'Marcellus SC';\"\n\t\t\t\t\t\t\t>5300, NW 87th Avenue<br \/>\n33178 - Miami(FL) - Stati Uniti \n\t\t\t\t\t\t\t<\/rs-layer><!--\n-->\t\t\t\t\t\t<\/rs-slide>\n\t\t\t\t\t\t<rs-slide style=\"position: absolute;\" data-key=\"rs-49\" data-title=\"Slide\" data-duration=\"17000ms\" data-in=\"o:0;\" data-out=\"a:false;\">\n\t\t\t\t\t\t\t<img decoding=\"async\" src=\"\/\/rrtaxandlegal.com\/wp-content\/plugins\/revslider\/public\/assets\/assets\/dummy.png\" alt=\"Slide\" title=\"Home\" class=\"rev-slidebg tp-rs-img rs-lazyload\" data-lazyload=\"\/\/rrtaxandlegal.com\/wp-content\/plugins\/revslider\/public\/assets\/assets\/transparent.png\" data-no-retina>\n<!--\n\t\t\t\t\t\t\t--><rs-layer\n\t\t\t\t\t\t\t\tid=\"slider-5-slide-49-layer-3\" \n\t\t\t\t\t\t\t\tdata-type=\"text\"\n\t\t\t\t\t\t\t\tdata-xy=\"x:l,l,l,c;xo:336px,245px,31px,-52px;y:m,m,m,t;yo:-297px,-235px,-290px,48px;\"\n\t\t\t\t\t\t\t\tdata-text=\"w:normal;s:56,42,57,32;l:31,23,32,18;\"\n\t\t\t\t\t\t\t\tdata-frame_999=\"o:0;st:w;sR:14700;\"\n\t\t\t\t\t\t\t\tstyle=\"z-index:6;font-family:'Marcellus';\"\n\t\t\t\t\t\t\t>Firm Overview \n\t\t\t\t\t\t\t<\/rs-layer><!--\n\n\t\t\t\t\t\t\t--><rs-layer\n\t\t\t\t\t\t\t\tid=\"slider-5-slide-49-layer-4\" \n\t\t\t\t\t\t\t\tdata-type=\"text\"\n\t\t\t\t\t\t\t\tdata-xy=\"x:c;xo:79px,0,0,2px;y:m;yo:-9px,-118px,43px,11px;\"\n\t\t\t\t\t\t\t\tdata-text=\"w:normal;s:24,13,17,16;l:46,19,30,18;fw:300;\"\n\t\t\t\t\t\t\t\tdata-dim=\"w:1410px,949px,536px,332px;\"\n\t\t\t\t\t\t\t\tdata-basealign=\"slide\"\n\t\t\t\t\t\t\t\tdata-frame_0=\"y:100%;\"\n\t\t\t\t\t\t\t\tdata-frame_0_mask=\"u:t;\"\n\t\t\t\t\t\t\t\tdata-frame_1=\"y:6px,-1px,1px,0px;sp:1000;\"\n\t\t\t\t\t\t\t\tdata-frame_1_mask=\"u:t;\"\n\t\t\t\t\t\t\t\tdata-frame_999=\"o:0;st:w;sR:14000;\"\n\t\t\t\t\t\t\t\tstyle=\"z-index:12;font-family:'Montserrat';\"\n\t\t\t\t\t\t\t>Nuestro equipo de abogados, fiscalistas y contables ha participado en una amplia gama de fondos de capital riesgo y operaciones de fusiones y adquisiciones en los siguientes sectores de actividad: energ\u00edas renovables, inmobiliario y adquisiciones de empresas p\u00fablicas, incluyendo adquisiciones y cesiones de participaciones totales, mayoritarias o minoritarias, joint ventures, venta de empresas en funcionamiento y reorganizaciones societarias, tanto en los aspectos jur\u00eddicos como fiscales. Nuestros abogados han representado a una amplia gama de empresas de capital riesgo, fondos y otros inversores internacionales. Nuestros profesionales han gestionado y aportado soluciones a fondos que invierten en el mercado italiano, desde la originaci\u00f3n de la operaci\u00f3n hasta el apoyo a nuestros clientes en la estructuraci\u00f3n de las transacciones, la realizaci\u00f3n de due diligence en profundidad, la redacci\u00f3n y la negociaci\u00f3n de todo el paquete contractual. \n\t\t\t\t\t\t\t<\/rs-layer><!--\n\n\t\t\t\t\t\t\t--><rs-layer\n\t\t\t\t\t\t\t\tid=\"slider-5-slide-49-layer-18\" \n\t\t\t\t\t\t\t\tdata-type=\"shape\"\n\t\t\t\t\t\t\t\tdata-xy=\"x:c,c,l,l;xo:-4px,-73px,307px,307px;y:m;yo:-256px,-20px,85px,85px;\"\n\t\t\t\t\t\t\t\tdata-text=\"w:normal;\"\n\t\t\t\t\t\t\t\tdata-dim=\"w:1243px,1243px,1px,1px;h:1px,1px,530px,530px;\"\n\t\t\t\t\t\t\t\tdata-vbility=\"t,t,f,f\"\n\t\t\t\t\t\t\t\tdata-basealign=\"slide\"\n\t\t\t\t\t\t\t\tdata-rsp_o=\"off\"\n\t\t\t\t\t\t\t\tdata-rsp_bd=\"off\"\n\t\t\t\t\t\t\t\tdata-frame_0=\"o:1;\"\n\t\t\t\t\t\t\t\tdata-frame_1=\"st:250;sR:250;\"\n\t\t\t\t\t\t\t\tdata-frame_999=\"o:0;st:w;sR:14450;\"\n\t\t\t\t\t\t\t\tstyle=\"z-index:11;background-color:rgba(96,106,126,0.5);\"\n\t\t\t\t\t\t\t> \n\t\t\t\t\t\t\t<\/rs-layer><!--\n-->\t\t\t\t\t\t<\/rs-slide>\n\t\t\t\t\t\t<rs-slide style=\"position: absolute;\" data-key=\"rs-50\" data-title=\"Slide\" data-duration=\"17000ms\" data-in=\"o:0;\" data-out=\"a:false;\">\n\t\t\t\t\t\t\t<img decoding=\"async\" src=\"\/\/rrtaxandlegal.com\/wp-content\/plugins\/revslider\/public\/assets\/assets\/dummy.png\" alt=\"Slide\" title=\"Home\" class=\"rev-slidebg tp-rs-img rs-lazyload\" data-lazyload=\"\/\/rrtaxandlegal.com\/wp-content\/plugins\/revslider\/public\/assets\/assets\/transparent.png\" data-no-retina>\n<!--\n\t\t\t\t\t\t\t--><rs-layer\n\t\t\t\t\t\t\t\tid=\"slider-5-slide-50-layer-0\" \n\t\t\t\t\t\t\t\tdata-type=\"text\"\n\t\t\t\t\t\t\t\tdata-xy=\"x:l,r,r,c;xo:336px,725px,38px,0;y:m;yo:55px,146px,-184px,-130px;\"\n\t\t\t\t\t\t\t\tdata-text=\"w:normal;s:21,13,15,13;l:36,19,28,16;fw:300;\"\n\t\t\t\t\t\t\t\tdata-dim=\"w:565px,470px,544px,330px;h:597px,auto,356px,auto;\"\n\t\t\t\t\t\t\t\tdata-frame_0=\"y:100%;\"\n\t\t\t\t\t\t\t\tdata-frame_0_mask=\"u:t;\"\n\t\t\t\t\t\t\t\tdata-frame_1=\"y:6px,-1px,1px,0px;sp:1000;\"\n\t\t\t\t\t\t\t\tdata-frame_1_mask=\"u:t;\"\n\t\t\t\t\t\t\t\tdata-frame_999=\"o:0;st:w;sR:14000;\"\n\t\t\t\t\t\t\t\tstyle=\"z-index:12;font-family:'Montserrat';\"\n\t\t\t\t\t\t\t>Desde hace m\u00e1s de 20 a\u00f1os, los socios fundadores asisten a fondos, bancos, empresas multinacionales y particulares en sus \u00e1mbitos de actividad, garantizando el \u00e9xito y el anonimato.<br \/>\n<br \/>\nGracias a acuerdos de asociaci\u00f3n con bufetes estadounidenses, el bufete tambi\u00e9n est\u00e1 activo en oficinas de Nueva York y Miami.<br \/>\n<br \/>\nAdem\u00e1s, el bufete, en asociaci\u00f3n con bufetes de censores jurados de cuentas de Roma y Mil\u00e1n, tambi\u00e9n puede asistir a sus clientes en materia de contabilidad, presupuestos y obligaciones fiscales.<br \/>\n<br \/>\nLos fundadores y asociados tambi\u00e9n participan activamente en actividades acad\u00e9micas y publican en revistas nacionales e internacionales en sus campos de actividad. \n\t\t\t\t\t\t\t<\/rs-layer><!--\n\n\t\t\t\t\t\t\t--><rs-layer\n\t\t\t\t\t\t\t\tid=\"slider-5-slide-50-layer-2\" \n\t\t\t\t\t\t\t\tdata-type=\"text\"\n\t\t\t\t\t\t\t\tdata-xy=\"x:r,r,r,c;xo:342px,221px,50px,-5px;y:m;yo:48px,146px,200px,153px;\"\n\t\t\t\t\t\t\t\tdata-text=\"w:normal;s:21,13,15,13;l:36,19,28,14;fw:300;\"\n\t\t\t\t\t\t\t\tdata-dim=\"w:560px,457px,531px,324px;\"\n\t\t\t\t\t\t\t\tdata-frame_0=\"x:0,0px,0px,0px;y:100%;\"\n\t\t\t\t\t\t\t\tdata-frame_0_mask=\"u:t;x:0,0px,0px,0px;y:0,0px,0px,0px;\"\n\t\t\t\t\t\t\t\tdata-frame_1=\"y:4px,-1px,1px,0px;sp:1000;\"\n\t\t\t\t\t\t\t\tdata-frame_1_mask=\"u:t;x:0,0px,0px,0px;y:0,0px,0px,0px;\"\n\t\t\t\t\t\t\t\tdata-frame_999=\"o:0;st:w;sR:14000;\"\n\t\t\t\t\t\t\t\tstyle=\"z-index:11;font-family:'Montserrat';\"\n\t\t\t\t\t\t\t>La idea de una asociaci\u00f3n entre abogados y contables surgi\u00f3 para permitir a los diferentes profesionales asistir a los clientes como una \u00abventanilla \u00fanica\u00bb y proporcionarles soluciones a los complejos <br \/><br \/> retos del d\u00eda a d\u00eda que implican todas las diferentes \u00e1reas del derecho en las que pueden trabajar juntos, desde la estructuraci\u00f3n <br \/><br \/> de las transacciones, la realizaci\u00f3n de una diligencia debida en profundidad, la redacci\u00f3n y negociaci\u00f3n de todo el paquete contractual, hasta garantizar la firma y el cierre de las transacciones y las necesidades posteriores para su negocio en la gesti\u00f3n diaria. \n\t\t\t\t\t\t\t<\/rs-layer><!--\n\n\t\t\t\t\t\t\t--><rs-layer\n\t\t\t\t\t\t\t\tid=\"slider-5-slide-50-layer-18\" \n\t\t\t\t\t\t\t\tdata-type=\"shape\"\n\t\t\t\t\t\t\t\tdata-xy=\"x:c,c,l,l;xo:-2px,-73px,307px,307px;y:m;yo:-252px,-20px,85px,85px;\"\n\t\t\t\t\t\t\t\tdata-text=\"w:normal;\"\n\t\t\t\t\t\t\t\tdata-dim=\"w:1243px,1243px,1px,1px;h:1px,1px,530px,530px;\"\n\t\t\t\t\t\t\t\tdata-vbility=\"t,t,f,f\"\n\t\t\t\t\t\t\t\tdata-basealign=\"slide\"\n\t\t\t\t\t\t\t\tdata-rsp_o=\"off\"\n\t\t\t\t\t\t\t\tdata-rsp_bd=\"off\"\n\t\t\t\t\t\t\t\tdata-frame_0=\"o:1;\"\n\t\t\t\t\t\t\t\tdata-frame_1=\"st:250;sR:250;\"\n\t\t\t\t\t\t\t\tdata-frame_999=\"o:0;st:w;sR:14450;\"\n\t\t\t\t\t\t\t\tstyle=\"z-index:11;background-color:rgba(96,106,126,0.5);\"\n\t\t\t\t\t\t\t> \n\t\t\t\t\t\t\t<\/rs-layer><!--\n-->\t\t\t\t\t\t<\/rs-slide>\n\t\t\t\t\t<\/rs-slides>\n\t\t\t\t\t<rs-static-layers class=\"rs-stl-back \"><!--\n\n\t\t\t\t\t\t\t--><rs-layer\n\t\t\t\t\t\t\t\tid=\"slider-5-slide-5-layer-27\" \n\t\t\t\t\t\t\t\tclass=\"rs-fsv rs-nolc rs-layer-static rs-layer-video intrinsic-ignore\"\n\t\t\t\t\t\t\t\tdata-type=\"video\"\n\t\t\t\t\t\t\t\tdata-xy=\"x:0;y:0;\"\n\t\t\t\t\t\t\t\tdata-text=\"w:normal;\"\n\t\t\t\t\t\t\t\tdata-dim=\"w:100%;h:100%;\"\n\t\t\t\t\t\t\t\tdata-basealign=\"slide\"\n\t\t\t\t\t\t\t\tdata-rsp_o=\"off\"\n\t\t\t\t\t\t\t\tdata-rsp_bd=\"off\"\n\t\t\t\t\t\t\t\tdata-onslides=\"s:1;\"\n\t\t\t\t\t\t\t\tdata-video=\"vfc:true;vd:100;rwd:f;fc:true;l:true;ptimer:false;nse:f;\"\n\t\t\t\t\t\t\t\tdata-poster=\"\/\/rrtaxandlegal.com\/wp-content\/uploads\/revslider\/video-media\/video_slider_5_layer1.jpeg\"\n\t\t\t\t\t\t\t\tdata-mp4=\"\/\/rrtaxandlegal.com\/wp-content\/uploads\/2023\/03\/video_slider.mp4\"\n\t\t\t\t\t\t\t\tdata-frame_1=\"e:none;sp:0;\"\n\t\t\t\t\t\t\t\tdata-frame_999=\"o:0;st:w;sR:5000;\"\n\t\t\t\t\t\t\t\tstyle=\"z-index:8;\"\n\t\t\t\t\t\t\t>\n\t\t\t\t\t\t\t<\/rs-layer><!--\n\n\t\t\t\t\t\t\t--><rs-layer\n\t\t\t\t\t\t\t\tid=\"slider-5-slide-5-layer-45\" \n\t\t\t\t\t\t\t\tclass=\"rs-layer-static\"\n\t\t\t\t\t\t\t\tdata-type=\"shape\"\n\t\t\t\t\t\t\t\tdata-xy=\"x:c;y:m;\"\n\t\t\t\t\t\t\t\tdata-text=\"w:normal;\"\n\t\t\t\t\t\t\t\tdata-dim=\"w:100%;h:100%;\"\n\t\t\t\t\t\t\t\tdata-basealign=\"slide\"\n\t\t\t\t\t\t\t\tdata-rsp_o=\"off\"\n\t\t\t\t\t\t\t\tdata-rsp_bd=\"off\"\n\t\t\t\t\t\t\t\tdata-onslides=\"s:1;\"\n\t\t\t\t\t\t\t\tdata-frame_1=\"sp:0;\"\n\t\t\t\t\t\t\t\tdata-frame_999=\"o:0;st:w;sR:5000;\"\n\t\t\t\t\t\t\t\tstyle=\"z-index:9;background-color:rgba(20,32,59,0.7);\"\n\t\t\t\t\t\t\t> \n\t\t\t\t\t\t\t<\/rs-layer><!--\n\t\t\t\t\t--><\/rs-static-layers>\n\t\t\t\t<\/rs-module>\n\t\t\t\t<script>\n\t\t\t\t\tsetREVStartSize({c: 'rev_slider_5_1',rl:[1240,1024,778,480],el:[900,550,800,600],gw:[1920,1440,600,340],gh:[900,550,800,600],type:'standard',justify:'',layout:'fullscreen',offsetContainer:'',offset:'',mh:\"0\"});if (window.RS_MODULES!==undefined && window.RS_MODULES.modules!==undefined && window.RS_MODULES.modules[\"revslider51\"]!==undefined) {window.RS_MODULES.modules[\"revslider51\"].once = false;window.revapi5 = undefined;if (window.RS_MODULES.checkMinimal!==undefined) window.RS_MODULES.checkMinimal()}\n\t\t\t\t<\/script>\n\t\t\t<\/rs-module-wrap>\n\t\t\t<!-- END REVOLUTION SLIDER -->\n\n","protected":false},"excerpt":{"rendered":"","protected":false},"author":1,"featured_media":0,"parent":0,"menu_order":0,"comment_status":"closed","ping_status":"closed","template":"page-full-width.php","meta":{"footnotes":""},"class_list":["post-11795","page","type-page","status-publish","hentry"],"yoast_head":"<!-- This site is optimized with the Yoast SEO plugin v21.7 - https:\/\/yoast.com\/wordpress\/plugins\/seo\/ -->\n<title>Home - R&amp;R - Studio Legale Tributario<\/title>\n<meta name=\"robots\" content=\"index, follow, max-snippet:-1, max-image-preview:large, max-video-preview:-1\" \/>\n<link rel=\"canonical\" href=\"https:\/\/rrtaxandlegal.com\/\" \/>\n<meta property=\"og:locale\" content=\"es_ES\" \/>\n<meta property=\"og:type\" content=\"article\" \/>\n<meta property=\"og:title\" content=\"Home - R&amp;R - Studio Legale Tributario\" \/>\n<meta property=\"og:url\" content=\"https:\/\/rrtaxandlegal.com\/\" \/>\n<meta property=\"og:site_name\" content=\"R&amp;R - Studio Legale Tributario\" \/>\n<meta property=\"article:modified_time\" content=\"2023-03-20T13:54:10+00:00\" \/>\n<meta name=\"twitter:card\" content=\"summary_large_image\" \/>\n<script type=\"application\/ld+json\" class=\"yoast-schema-graph\">{\"@context\":\"https:\/\/schema.org\",\"@graph\":[{\"@type\":\"WebPage\",\"@id\":\"https:\/\/rrtaxandlegal.com\/\",\"url\":\"https:\/\/rrtaxandlegal.com\/\",\"name\":\"Home - R&amp;R - Studio Legale Tributario\",\"isPartOf\":{\"@id\":\"https:\/\/rrtaxandlegal.com\/#website\"},\"datePublished\":\"2021-10-06T10:04:25+00:00\",\"dateModified\":\"2023-03-20T13:54:10+00:00\",\"breadcrumb\":{\"@id\":\"https:\/\/rrtaxandlegal.com\/#breadcrumb\"},\"inLanguage\":\"es\",\"potentialAction\":[{\"@type\":\"ReadAction\",\"target\":[\"https:\/\/rrtaxandlegal.com\/\"]}]},{\"@type\":\"BreadcrumbList\",\"@id\":\"https:\/\/rrtaxandlegal.com\/#breadcrumb\",\"itemListElement\":[{\"@type\":\"ListItem\",\"position\":1,\"name\":\"Home\",\"item\":\"https:\/\/rrtaxandlegal.com\/\"},{\"@type\":\"ListItem\",\"position\":2,\"name\":\"Home\"}]},{\"@type\":\"WebSite\",\"@id\":\"https:\/\/rrtaxandlegal.com\/#website\",\"url\":\"https:\/\/rrtaxandlegal.com\/\",\"name\":\"R&amp;R - Studio Legale Tributario\",\"description\":\"Avvocati Massimiliano e Sergio Russo\",\"publisher\":{\"@id\":\"https:\/\/rrtaxandlegal.com\/#organization\"},\"potentialAction\":[{\"@type\":\"SearchAction\",\"target\":{\"@type\":\"EntryPoint\",\"urlTemplate\":\"https:\/\/rrtaxandlegal.com\/?s={search_term_string}\"},\"query-input\":\"required name=search_term_string\"}],\"inLanguage\":\"es\"},{\"@type\":\"Organization\",\"@id\":\"https:\/\/rrtaxandlegal.com\/#organization\",\"name\":\"R&amp;R - Studio Legale Tributario\",\"url\":\"https:\/\/rrtaxandlegal.com\/\",\"logo\":{\"@type\":\"ImageObject\",\"inLanguage\":\"es\",\"@id\":\"https:\/\/rrtaxandlegal.com\/#\/schema\/logo\/image\/\",\"url\":\"https:\/\/rrtaxandlegal.com\/wp-content\/uploads\/2023\/03\/cropped-logo-blu_1@300x-8.png\",\"contentUrl\":\"https:\/\/rrtaxandlegal.com\/wp-content\/uploads\/2023\/03\/cropped-logo-blu_1@300x-8.png\",\"width\":301,\"height\":60,\"caption\":\"R&amp;R - Studio Legale Tributario\"},\"image\":{\"@id\":\"https:\/\/rrtaxandlegal.com\/#\/schema\/logo\/image\/\"}}]}<\/script>\n<!-- \/ Yoast SEO plugin. -->","yoast_head_json":{"title":"Home - R&amp;R - Studio Legale Tributario","robots":{"index":"index","follow":"follow","max-snippet":"max-snippet:-1","max-image-preview":"max-image-preview:large","max-video-preview":"max-video-preview:-1"},"canonical":"https:\/\/rrtaxandlegal.com\/","og_locale":"es_ES","og_type":"article","og_title":"Home - R&amp;R - Studio Legale Tributario","og_url":"https:\/\/rrtaxandlegal.com\/","og_site_name":"R&amp;R - Studio Legale Tributario","article_modified_time":"2023-03-20T13:54:10+00:00","twitter_card":"summary_large_image","schema":{"@context":"https:\/\/schema.org","@graph":[{"@type":"WebPage","@id":"https:\/\/rrtaxandlegal.com\/","url":"https:\/\/rrtaxandlegal.com\/","name":"Home - R&amp;R - Studio Legale Tributario","isPartOf":{"@id":"https:\/\/rrtaxandlegal.com\/#website"},"datePublished":"2021-10-06T10:04:25+00:00","dateModified":"2023-03-20T13:54:10+00:00","breadcrumb":{"@id":"https:\/\/rrtaxandlegal.com\/#breadcrumb"},"inLanguage":"es","potentialAction":[{"@type":"ReadAction","target":["https:\/\/rrtaxandlegal.com\/"]}]},{"@type":"BreadcrumbList","@id":"https:\/\/rrtaxandlegal.com\/#breadcrumb","itemListElement":[{"@type":"ListItem","position":1,"name":"Home","item":"https:\/\/rrtaxandlegal.com\/"},{"@type":"ListItem","position":2,"name":"Home"}]},{"@type":"WebSite","@id":"https:\/\/rrtaxandlegal.com\/#website","url":"https:\/\/rrtaxandlegal.com\/","name":"R&amp;R - Studio Legale Tributario","description":"Avvocati Massimiliano e Sergio Russo","publisher":{"@id":"https:\/\/rrtaxandlegal.com\/#organization"},"potentialAction":[{"@type":"SearchAction","target":{"@type":"EntryPoint","urlTemplate":"https:\/\/rrtaxandlegal.com\/?s={search_term_string}"},"query-input":"required name=search_term_string"}],"inLanguage":"es"},{"@type":"Organization","@id":"https:\/\/rrtaxandlegal.com\/#organization","name":"R&amp;R - Studio Legale Tributario","url":"https:\/\/rrtaxandlegal.com\/","logo":{"@type":"ImageObject","inLanguage":"es","@id":"https:\/\/rrtaxandlegal.com\/#\/schema\/logo\/image\/","url":"https:\/\/rrtaxandlegal.com\/wp-content\/uploads\/2023\/03\/cropped-logo-blu_1@300x-8.png","contentUrl":"https:\/\/rrtaxandlegal.com\/wp-content\/uploads\/2023\/03\/cropped-logo-blu_1@300x-8.png","width":301,"height":60,"caption":"R&amp;R - Studio Legale Tributario"},"image":{"@id":"https:\/\/rrtaxandlegal.com\/#\/schema\/logo\/image\/"}}]}},"_links":{"self":[{"href":"https:\/\/rrtaxandlegal.com\/es\/wp-json\/wp\/v2\/pages\/11795","targetHints":{"allow":["GET"]}}],"collection":[{"href":"https:\/\/rrtaxandlegal.com\/es\/wp-json\/wp\/v2\/pages"}],"about":[{"href":"https:\/\/rrtaxandlegal.com\/es\/wp-json\/wp\/v2\/types\/page"}],"author":[{"embeddable":true,"href":"https:\/\/rrtaxandlegal.com\/es\/wp-json\/wp\/v2\/users\/1"}],"replies":[{"embeddable":true,"href":"https:\/\/rrtaxandlegal.com\/es\/wp-json\/wp\/v2\/comments?post=11795"}],"version-history":[{"count":1,"href":"https:\/\/rrtaxandlegal.com\/es\/wp-json\/wp\/v2\/pages\/11795\/revisions"}],"predecessor-version":[{"id":11796,"href":"https:\/\/rrtaxandlegal.com\/es\/wp-json\/wp\/v2\/pages\/11795\/revisions\/11796"}],"wp:attachment":[{"href":"https:\/\/rrtaxandlegal.com\/es\/wp-json\/wp\/v2\/media?parent=11795"}],"curies":[{"name":"wp","href":"https:\/\/api.w.org\/{rel}","templated":true}]}}